{"id":5317,"date":"2023-12-11T19:08:17","date_gmt":"2023-12-11T18:08:17","guid":{"rendered":"https:\/\/lacasadelperro.es\/canine-hairdressing\/"},"modified":"2024-03-08T13:23:07","modified_gmt":"2024-03-08T12:23:07","slug":"canine-hairdressing","status":"publish","type":"page","link":"https:\/\/lacasadelperro.es\/en\/canine-hairdressing\/","title":{"rendered":"Dog grooming salon"},"content":{"rendered":"<div class=\"wpb-content-wrapper\"><p>[vc_row full_width=&#8221;stretch_row&#8221; equal_height=&#8221;yes&#8221; content_placement=&#8221;middle&#8221; css=&#8221;.vc_custom_1702307596192{padding-top: 64px !important;padding-bottom: 64px !important;}&#8221;][vc_column width=&#8221;1\/2&#8243;][vc_column_text css=&#8221;.vc_custom_1702316689495{margin-bottom: 32px !important;}&#8221;]<\/p>\n<h1 style=\"margin-bottom: 32px;\">Canine Hairdressing<\/h1>\n<p>[\/vc_column_text][vc_column_text css=&#8221;.vc_custom_1702317146318{margin-top: 32px !important;}&#8221;]The dog grooming service is a complete and specialized experience designed to care for and beautify your four-legged pet.<\/p>\n<p>We provide a comprehensive treatment that includes several services to ensure the comfort and health of your dog: bathing, haircut adapted to your pet&#8217;s style, stripping technique, ear and nail grooming, &#8230; Take a look![\/vc_column_text][\/vc_column][vc_column width=&#8221;1\/2&#8243;][vc_single_image image=&#8221;3305&#8243; img_size=&#8221;full&#8221;][\/vc_column][\/vc_row][vc_row css=&#8221;.vc_custom_1593081855020{margin-top: 64px !important;}&#8221;][vc_column][vc_column_text]<\/p>\n<h2 class=\"nombre-animal-indice\">Bath<\/h2>\n<p>[\/vc_column_text][vc_column_text css=&#8221;.vc_custom_1702317635670{margin-top: 40px !important;}&#8221;]<\/p>\n<table class=\"tarifas-perros\">\n<tbody>\n<tr class=\"cabecera-tabla\">\n<td class=\"oculta\"><\/td>\n<td>Short hair<\/td>\n<td>Long hair<\/td>\n<\/tr>\n<tr class=\"descripcion\">\n<td>Bath<\/td>\n<td>Price<\/td>\n<td>Price<\/td>\n<\/tr>\n<tr class=\"tarifas\">\n<td>Small dog (up to 10 Kg)<\/td>\n<td>10 \u20ac<\/td>\n<td>15 \u20ac<\/td>\n<\/tr>\n<tr class=\"tarifas\">\n<td>Medium dog (up to 25 Kg)<\/td>\n<td>15 \u20ac<\/td>\n<td>20 \u20ac<\/td>\n<\/tr>\n<tr class=\"tarifas\">\n<td>Large dog (up to 40 Kg)<\/td>\n<td>20 \u20ac<\/td>\n<td>25 \u20ac<\/td>\n<\/tr>\n<\/tbody>\n<\/table>\n<p>21% V.A.T. included[\/vc_column_text][\/vc_column][\/vc_row][vc_row css=&#8221;.vc_custom_1593081855020{margin-top: 64px !important;}&#8221;][vc_column][vc_column_text]<\/p>\n<h2 class=\"nombre-animal-indice\">Cut + Bath<\/h2>\n<p>[\/vc_column_text][vc_column_text css=&#8221;.vc_custom_1702317814762{margin-top: 40px !important;}&#8221;]<\/p>\n<table class=\"tarifas-perros\">\n<tbody>\n<tr class=\"cabecera-tabla\">\n<td class=\"oculta\"><\/td>\n<td>Price<\/td>\n<\/tr>\n<tr class=\"descripcion\">\n<td colspan=\"2\">Cut + Bath<\/td>\n<\/tr>\n<tr class=\"tarifas\">\n<td>Small dog (up to 10 Kg)<\/td>\n<td>30 \u20ac<\/td>\n<\/tr>\n<tr class=\"tarifas\">\n<td>Medium dog (up to 25 Kg)<\/td>\n<td>35 \u20ac<\/td>\n<\/tr>\n<tr class=\"tarifas\">\n<td>Large dog (up to 40 Kg)<\/td>\n<td>40 \u20ac<\/td>\n<\/tr>\n<\/tbody>\n<\/table>\n<p>21% V.A.T. included[\/vc_column_text][\/vc_column][\/vc_row][vc_row css=&#8221;.vc_custom_1593081855020{margin-top: 64px !important;}&#8221;][vc_column][vc_column_text]<\/p>\n<h2 class=\"nombre-animal-indice\">Stripping + Bath<\/h2>\n<p>[\/vc_column_text][vc_column_text css=&#8221;.vc_custom_1702317862636{margin-top: 40px !important;}&#8221;]<\/p>\n<table class=\"tarifas-perros\">\n<tbody>\n<tr class=\"cabecera-tabla\">\n<td class=\"oculta\"><\/td>\n<td>Price<\/td>\n<\/tr>\n<tr class=\"descripcion\">\n<td colspan=\"2\">Stripping + Bath<\/td>\n<\/tr>\n<tr class=\"tarifas\">\n<td>Small dog (up to 10 Kg)<\/td>\n<td>35 \u20ac<\/td>\n<\/tr>\n<tr class=\"tarifas\">\n<td>Medium dog (up to 25 Kg)<\/td>\n<td>45 \u20ac<\/td>\n<\/tr>\n<tr class=\"tarifas\">\n<td>Large dog (up to 40 Kg)<\/td>\n<td>55 \u20ac<\/td>\n<\/tr>\n<\/tbody>\n<\/table>\n<p>21% V.A.T. included[\/vc_column_text][\/vc_column][\/vc_row][vc_row css=&#8221;.vc_custom_1593081855020{margin-top: 64px !important;}&#8221;][vc_column][vc_column_text]<\/p>\n<h2 class=\"nombre-animal-indice\">Additional Services<\/h2>\n<p>[\/vc_column_text][vc_column_text css=&#8221;.vc_custom_1702317973877{margin-top: 40px !important;}&#8221;]<\/p>\n<table class=\"tarifas-perros\">\n<tbody>\n<tr class=\"cabecera-tabla\">\n<td class=\"oculta\"><\/td>\n<td>Price<\/td>\n<\/tr>\n<tr class=\"descripcion\">\n<td colspan=\"2\">Additional Services<\/td>\n<\/tr>\n<tr class=\"tarifas\">\n<td>Moisturizing Mask \/ Specific Shampoo<\/td>\n<td>5 \u20ac<\/td>\n<\/tr>\n<tr class=\"tarifas\">\n<td>Highly knotted coat<\/td>\n<td>5 \u20ac<\/td>\n<\/tr>\n<tr class=\"tarifas\">\n<td>Ear cleaning<\/td>\n<td>5 \u20ac<\/td>\n<\/tr>\n<tr class=\"tarifas\">\n<td>Nail cutting<\/td>\n<td>5 \u20ac<\/td>\n<\/tr>\n<tr class=\"tarifas\">\n<td>Pads<\/td>\n<td>5 \u20ac<\/td>\n<\/tr>\n<tr class=\"tarifas\">\n<td>Home pick-up and delivery<\/td>\n<td>To be consulted<\/td>\n<\/tr>\n<\/tbody>\n<\/table>\n<p>21% V.A.T. included[\/vc_column_text][\/vc_column][\/vc_row][vc_row full_width=&#8221;stretch_row&#8221; css=&#8221;.vc_custom_1702308102170{margin-top: 56px !important;margin-bottom: 32px !important;padding-top: 48px !important;padding-bottom: 48px !important;background-image: url(https:\/\/lacasadelperro.es\/wp-content\/uploads\/2023\/12\/cta-bg.jpg?id=3286) !important;background-position: center !important;background-repeat: no-repeat !important;background-size: cover !important;}&#8221;][vc_column][vc_column_text]<\/p>\n<h2 class=\"h1 texto-centro blanco\">Your pet will be in the best hands<\/h2>\n<h3 class=\"h2 texto-centro blanco\">The care you deserve!<\/h3>\n<p>[\/vc_column_text][vc_btn title=&#8221;Check availability&#8221; color=&#8221;warning&#8221; align=&#8221;center&#8221; el_class=&#8221;btn-cta&#8221; link=&#8221;url:https%3A%2F%2Flacasadelperro.es%2Fcontacto%2F|title:Contact|&#8221; css=&#8221;.vc_custom_1702308571839{margin-top: 48px !important;}&#8221;][\/vc_column][\/vc_row]<\/p>\n<\/div>","protected":false},"excerpt":{"rendered":"<p>[vc_row full_width=&#8221;stretch_row&#8221; equal_height=&#8221;yes&#8221; content_placement=&#8221;middle&#8221; css=&#8221;.vc_custom_1702307596192{padding-top: 64px !important;padding-bottom: 64px !important;}&#8221;][vc_column width=&#8221;1\/2&#8243;][vc_column_text css=&#8221;.vc_custom_1702316689495{margin-bottom: 32px !important;}&#8221;] Canine Hairdressing [\/vc_column_text][vc_column_text css=&#8221;.vc_custom_1702317146318{margin-top: 32px !important;}&#8221;]The dog grooming service is a complete and specialized experience designed to care for and beautify your four-legged pet. We provide a comprehensive treatment that includes several services to ensure the comfort and health of your dog:&#8230;<\/p>\n","protected":false},"author":1,"featured_media":0,"parent":0,"menu_order":0,"comment_status":"closed","ping_status":"closed","template":"","meta":{"_acf_changed":false,"_kad_post_transparent":"","_kad_post_title":"","_kad_post_layout":"","_kad_post_sidebar_id":"","_kad_post_content_style":"","_kad_post_vertical_padding":"","_kad_post_feature":"","_kad_post_feature_position":"","_kad_post_header":false,"_kad_post_footer":false,"_kad_post_classname":"","footnotes":""},"class_list":["post-5317","page","type-page","status-publish","hentry"],"acf":[],"yoast_head":"<!-- This site is optimized with the Yoast SEO plugin v27.4 - https:\/\/yoast.com\/product\/yoast-seo-wordpress\/ -->\n<title>Dog grooming salon - La casa del perro<\/title>\n<meta name=\"robots\" content=\"index, follow, max-snippet:-1, max-image-preview:large, max-video-preview:-1\" \/>\n<link rel=\"canonical\" href=\"https:\/\/lacasadelperro.es\/en\/canine-hairdressing\/\" \/>\n<meta property=\"og:locale\" content=\"en_US\" \/>\n<meta property=\"og:type\" content=\"article\" \/>\n<meta property=\"og:title\" content=\"Dog grooming salon - La casa del perro\" \/>\n<meta property=\"og:description\" content=\"[vc_row full_width=&#8221;stretch_row&#8221; equal_height=&#8221;yes&#8221; content_placement=&#8221;middle&#8221; css=&#8221;.vc_custom_1702307596192{padding-top: 64px !important;padding-bottom: 64px !important;}&#8221;][vc_column width=&#8221;1\/2&#8243;][vc_column_text css=&#8221;.vc_custom_1702316689495{margin-bottom: 32px !important;}&#8221;] Canine Hairdressing [\/vc_column_text][vc_column_text css=&#8221;.vc_custom_1702317146318{margin-top: 32px !important;}&#8221;]The dog grooming service is a complete and specialized experience designed to care for and beautify your four-legged pet. We provide a comprehensive treatment that includes several services to ensure the comfort and health of your dog:...\" \/>\n<meta property=\"og:url\" content=\"https:\/\/lacasadelperro.es\/en\/canine-hairdressing\/\" \/>\n<meta property=\"og:site_name\" content=\"La casa del perro\" \/>\n<meta property=\"article:modified_time\" content=\"2024-03-08T12:23:07+00:00\" \/>\n<meta name=\"twitter:card\" content=\"summary_large_image\" \/>\n<meta name=\"twitter:label1\" content=\"Est. reading time\" \/>\n\t<meta name=\"twitter:data1\" content=\"2 minutes\" \/>\n<script type=\"application\/ld+json\" class=\"yoast-schema-graph\">{\"@context\":\"https:\\\/\\\/schema.org\",\"@graph\":[{\"@type\":\"WebPage\",\"@id\":\"https:\\\/\\\/lacasadelperro.es\\\/en\\\/canine-hairdressing\\\/\",\"url\":\"https:\\\/\\\/lacasadelperro.es\\\/en\\\/canine-hairdressing\\\/\",\"name\":\"Dog grooming salon - La casa del perro\",\"isPartOf\":{\"@id\":\"https:\\\/\\\/lacasadelperro.es\\\/#website\"},\"datePublished\":\"2023-12-11T18:08:17+00:00\",\"dateModified\":\"2024-03-08T12:23:07+00:00\",\"breadcrumb\":{\"@id\":\"https:\\\/\\\/lacasadelperro.es\\\/en\\\/canine-hairdressing\\\/#breadcrumb\"},\"inLanguage\":\"en-US\",\"potentialAction\":[{\"@type\":\"ReadAction\",\"target\":[\"https:\\\/\\\/lacasadelperro.es\\\/en\\\/canine-hairdressing\\\/\"]}]},{\"@type\":\"BreadcrumbList\",\"@id\":\"https:\\\/\\\/lacasadelperro.es\\\/en\\\/canine-hairdressing\\\/#breadcrumb\",\"itemListElement\":[{\"@type\":\"ListItem\",\"position\":1,\"name\":\"Portada\",\"item\":\"https:\\\/\\\/lacasadelperro.es\\\/en\\\/the-dog-house\\\/\"},{\"@type\":\"ListItem\",\"position\":2,\"name\":\"Dog grooming salon\"}]},{\"@type\":\"WebSite\",\"@id\":\"https:\\\/\\\/lacasadelperro.es\\\/#website\",\"url\":\"https:\\\/\\\/lacasadelperro.es\\\/\",\"name\":\"La casa del perro\",\"description\":\"Residencia para animales de compa\u00f1\u00eda, servicios municipales de recogida, custodia y manutenci\u00f3n de animales.\",\"publisher\":{\"@id\":\"https:\\\/\\\/lacasadelperro.es\\\/#organization\"},\"potentialAction\":[{\"@type\":\"SearchAction\",\"target\":{\"@type\":\"EntryPoint\",\"urlTemplate\":\"https:\\\/\\\/lacasadelperro.es\\\/?s={search_term_string}\"},\"query-input\":{\"@type\":\"PropertyValueSpecification\",\"valueRequired\":true,\"valueName\":\"search_term_string\"}}],\"inLanguage\":\"en-US\"},{\"@type\":\"Organization\",\"@id\":\"https:\\\/\\\/lacasadelperro.es\\\/#organization\",\"name\":\"La casa del perro\",\"url\":\"https:\\\/\\\/lacasadelperro.es\\\/\",\"logo\":{\"@type\":\"ImageObject\",\"inLanguage\":\"en-US\",\"@id\":\"https:\\\/\\\/lacasadelperro.es\\\/#\\\/schema\\\/logo\\\/image\\\/\",\"url\":\"https:\\\/\\\/lacasadelperro.es\\\/wp-content\\\/uploads\\\/2023\\\/12\\\/logo-casa-perro@2x.png\",\"contentUrl\":\"https:\\\/\\\/lacasadelperro.es\\\/wp-content\\\/uploads\\\/2023\\\/12\\\/logo-casa-perro@2x.png\",\"width\":428,\"height\":156,\"caption\":\"La casa del perro\"},\"image\":{\"@id\":\"https:\\\/\\\/lacasadelperro.es\\\/#\\\/schema\\\/logo\\\/image\\\/\"}}]}<\/script>\n<!-- \/ Yoast SEO plugin. -->","yoast_head_json":{"title":"Dog grooming salon - La casa del perro","robots":{"index":"index","follow":"follow","max-snippet":"max-snippet:-1","max-image-preview":"max-image-preview:large","max-video-preview":"max-video-preview:-1"},"canonical":"https:\/\/lacasadelperro.es\/en\/canine-hairdressing\/","og_locale":"en_US","og_type":"article","og_title":"Dog grooming salon - La casa del perro","og_description":"[vc_row full_width=&#8221;stretch_row&#8221; equal_height=&#8221;yes&#8221; content_placement=&#8221;middle&#8221; css=&#8221;.vc_custom_1702307596192{padding-top: 64px !important;padding-bottom: 64px !important;}&#8221;][vc_column width=&#8221;1\/2&#8243;][vc_column_text css=&#8221;.vc_custom_1702316689495{margin-bottom: 32px !important;}&#8221;] Canine Hairdressing [\/vc_column_text][vc_column_text css=&#8221;.vc_custom_1702317146318{margin-top: 32px !important;}&#8221;]The dog grooming service is a complete and specialized experience designed to care for and beautify your four-legged pet. We provide a comprehensive treatment that includes several services to ensure the comfort and health of your dog:...","og_url":"https:\/\/lacasadelperro.es\/en\/canine-hairdressing\/","og_site_name":"La casa del perro","article_modified_time":"2024-03-08T12:23:07+00:00","twitter_card":"summary_large_image","twitter_misc":{"Est. reading time":"2 minutes"},"schema":{"@context":"https:\/\/schema.org","@graph":[{"@type":"WebPage","@id":"https:\/\/lacasadelperro.es\/en\/canine-hairdressing\/","url":"https:\/\/lacasadelperro.es\/en\/canine-hairdressing\/","name":"Dog grooming salon - La casa del perro","isPartOf":{"@id":"https:\/\/lacasadelperro.es\/#website"},"datePublished":"2023-12-11T18:08:17+00:00","dateModified":"2024-03-08T12:23:07+00:00","breadcrumb":{"@id":"https:\/\/lacasadelperro.es\/en\/canine-hairdressing\/#breadcrumb"},"inLanguage":"en-US","potentialAction":[{"@type":"ReadAction","target":["https:\/\/lacasadelperro.es\/en\/canine-hairdressing\/"]}]},{"@type":"BreadcrumbList","@id":"https:\/\/lacasadelperro.es\/en\/canine-hairdressing\/#breadcrumb","itemListElement":[{"@type":"ListItem","position":1,"name":"Portada","item":"https:\/\/lacasadelperro.es\/en\/the-dog-house\/"},{"@type":"ListItem","position":2,"name":"Dog grooming salon"}]},{"@type":"WebSite","@id":"https:\/\/lacasadelperro.es\/#website","url":"https:\/\/lacasadelperro.es\/","name":"La casa del perro","description":"Residencia para animales de compa\u00f1\u00eda, servicios municipales de recogida, custodia y manutenci\u00f3n de animales.","publisher":{"@id":"https:\/\/lacasadelperro.es\/#organization"},"potentialAction":[{"@type":"SearchAction","target":{"@type":"EntryPoint","urlTemplate":"https:\/\/lacasadelperro.es\/?s={search_term_string}"},"query-input":{"@type":"PropertyValueSpecification","valueRequired":true,"valueName":"search_term_string"}}],"inLanguage":"en-US"},{"@type":"Organization","@id":"https:\/\/lacasadelperro.es\/#organization","name":"La casa del perro","url":"https:\/\/lacasadelperro.es\/","logo":{"@type":"ImageObject","inLanguage":"en-US","@id":"https:\/\/lacasadelperro.es\/#\/schema\/logo\/image\/","url":"https:\/\/lacasadelperro.es\/wp-content\/uploads\/2023\/12\/logo-casa-perro@2x.png","contentUrl":"https:\/\/lacasadelperro.es\/wp-content\/uploads\/2023\/12\/logo-casa-perro@2x.png","width":428,"height":156,"caption":"La casa del perro"},"image":{"@id":"https:\/\/lacasadelperro.es\/#\/schema\/logo\/image\/"}}]}},"_links":{"self":[{"href":"https:\/\/lacasadelperro.es\/en\/wp-json\/wp\/v2\/pages\/5317","targetHints":{"allow":["GET"]}}],"collection":[{"href":"https:\/\/lacasadelperro.es\/en\/wp-json\/wp\/v2\/pages"}],"about":[{"href":"https:\/\/lacasadelperro.es\/en\/wp-json\/wp\/v2\/types\/page"}],"author":[{"embeddable":true,"href":"https:\/\/lacasadelperro.es\/en\/wp-json\/wp\/v2\/users\/1"}],"replies":[{"embeddable":true,"href":"https:\/\/lacasadelperro.es\/en\/wp-json\/wp\/v2\/comments?post=5317"}],"version-history":[{"count":0,"href":"https:\/\/lacasadelperro.es\/en\/wp-json\/wp\/v2\/pages\/5317\/revisions"}],"wp:attachment":[{"href":"https:\/\/lacasadelperro.es\/en\/wp-json\/wp\/v2\/media?parent=5317"}],"curies":[{"name":"wp","href":"https:\/\/api.w.org\/{rel}","templated":true}]}}