{"id":5447,"date":"2020-06-25T12:40:21","date_gmt":"2020-06-25T10:40:21","guid":{"rendered":"https:\/\/lacasadelperro.es\/hotel-for-dogs-and-cats\/"},"modified":"2024-03-08T13:21:48","modified_gmt":"2024-03-08T12:21:48","slug":"hotel-for-dogs-and-cats","status":"publish","type":"page","link":"https:\/\/lacasadelperro.es\/en\/hotel-for-dogs-and-cats\/","title":{"rendered":"Hotel for dogs and cats"},"content":{"rendered":"<div class=\"wpb-content-wrapper\"><p>[vc_row full_width=&#8221;stretch_row&#8221; equal_height=&#8221;yes&#8221; content_placement=&#8221;middle&#8221; css=&#8221;.vc_custom_1702307596192{padding-top: 64px !important;padding-bottom: 64px !important;}&#8221;][vc_column width=&#8221;1\/2&#8243;][vc_column_text css=&#8221;.vc_custom_1702365377980{margin-bottom: 32px !important;}&#8221;]<\/p>\n<h1 style=\"margin-bottom: 32px;\">Hotel Rates for Dog &amp; Cat Care<\/h1>\n<p>[\/vc_column_text][vc_column_text css=&#8221;.vc_custom_1702307581229{margin-top: 32px !important;}&#8221;]At the <a href=\"https:\/\/lacasadelperro.es\/en\/\">Casa del Perro<\/a> we have <strong>complete and functional facilities,<\/strong> suitable as a dog hotel, so that your pets are as comfortable as possible during your absences.<\/p>\n<p>Whether it&#8217;s for a couple of days for a getaway, or for a long stay for a work at home, at the <strong>dog hotel at La Casa del Perro<\/strong> we adapt to your needs.<\/p>\n<p>And since cats are different from dogs, for them we offer you the <strong>home care service for cats<\/strong>, designed so that your feline friend does not suffer the stress of the change of environment. We go wherever you tell us to take care of him: change his water, food, clean his things, play, etc.[\/vc_column_text][\/vc_column][vc_column width=&#8221;1\/2&#8243;][vc_single_image image=&#8221;3198&#8243; img_size=&#8221;full&#8221;][\/vc_column][\/vc_row][vc_row css=&#8221;.vc_custom_1593081855020{margin-top: 64px !important;}&#8221;][vc_column][vc_column_text]<\/p>\n<h2 class=\"nombre-animal-indice\">Hotel for dogs<\/h2>\n<p>[\/vc_column_text][vc_column_text css=&#8221;.vc_custom_1702365397569{margin-top: 40px !important;}&#8221;]<\/p>\n<table class=\"tarifas-perros\">\n<tbody>\n<tr class=\"cabecera-tabla\">\n<td class=\"oculta\"><\/td>\n<td>1 dog<\/td>\n<td>2 dogs<\/td>\n<\/tr>\n<tr class=\"descripcion\">\n<td>No. of nights<\/td>\n<td>Price<\/td>\n<td>Price<\/td>\n<\/tr>\n<tr class=\"tarifas\">\n<td>1 night<\/td>\n<td>20 \u20ac<\/td>\n<td>15 \u20ac\/dog<\/td>\n<\/tr>\n<tr class=\"tarifas\">\n<td>Long stay<\/td>\n<td>To be consulted<\/td>\n<td>To be consulted<\/td>\n<\/tr>\n<\/tbody>\n<\/table>\n<p>21% V.A.T. included[\/vc_column_text][\/vc_column][\/vc_row][vc_row css=&#8221;.vc_custom_1593081773042{margin-top: 64px !important;}&#8221;][vc_column][vc_column_text]<\/p>\n<h2 class=\"nombre-animal-indice\">Care for cats<\/h2>\n<p>[\/vc_column_text][vc_column_text css=&#8221;.vc_custom_1702309139015{margin-top: 40px !important;}&#8221;]<\/p>\n<table class=\"tarifas-perros\">\n<tbody>\n<tr class=\"cabecera-tabla\">\n<td class=\"oculta\"><\/td>\n<td>1 cat<\/td>\n<\/tr>\n<tr class=\"tarifas\">\n<td>Home care<\/td>\n<td>To be consulted<\/td>\n<\/tr>\n<\/tbody>\n<\/table>\n<p>21% V.A.T. included[\/vc_column_text][\/vc_column][\/vc_row][vc_row css=&#8221;.vc_custom_1593085918225{margin-top: 48px !important;}&#8221;][vc_column][vc_column_text]<\/p>\n<h3>Essential requirements:<\/h3>\n<p>[\/vc_column_text][\/vc_column][\/vc_row][vc_row gap=&#8221;25&#8243; equal_height=&#8221;yes&#8221;][vc_column width=&#8221;1\/2&#8243; css=&#8221;.vc_custom_1593085888174{padding: 32px !important;background-color: #f1f1f1 !important;border: 1px solid #f1f1f1 !important;border-radius: 30px !important;}&#8221;][vc_column_text]<\/p>\n<h4>Dogs<\/h4>\n<ul>\n<li>Chip<\/li>\n<li>Vaccines<\/li>\n<li>Internal and external deworming<\/li>\n<li>P.P.P. License (if necessary)<\/li>\n<\/ul>\n<p>Puppies under 4 months old are not allowed.<br \/>\nRecommended: Kennel cough vaccine.[\/vc_column_text][\/vc_column][vc_column width=&#8221;1\/2&#8243; css=&#8221;.vc_custom_1593085861530{padding: 32px !important;background-color: #f1f1f1 !important;border: 1px solid #f1f1f1 !important;border-radius: 30px !important;}&#8221;][vc_column_text]<\/p>\n<h4>Cats<\/h4>\n<ul>\n<li>Chip<\/li>\n<li>Vaccine<\/li>\n<li>Internal and external deworming<\/li>\n<\/ul>\n<p>Recommended: Fel-Fiv Neg and FeLV Test.[\/vc_column_text][\/vc_column][\/vc_row][vc_row full_width=&#8221;stretch_row&#8221; css=&#8221;.vc_custom_1702308102170{margin-top: 56px !important;margin-bottom: 32px !important;padding-top: 48px !important;padding-bottom: 48px !important;background-image: url(https:\/\/lacasadelperro.es\/wp-content\/uploads\/2023\/12\/cta-bg.jpg?id=3286) !important;background-position: center !important;background-repeat: no-repeat !important;background-size: cover !important;}&#8221;][vc_column][vc_column_text]<\/p>\n<h2 class=\"h1 texto-centro blanco\">Your pet will be in the best hands<\/h2>\n<h3 class=\"h2 texto-centro blanco\">We will make you feel at home<\/h3>\n<p>[\/vc_column_text][vc_btn title=&#8221;Check Availability&#8221; color=&#8221;warning&#8221; align=&#8221;center&#8221; el_class=&#8221;btn-cta&#8221; link=&#8221;url:https%3A%2F%2Flacasadelperro.es%2Fcontacto%2F|title:Contact|&#8221; css=&#8221;.vc_custom_1702308571839{margin-top: 48px !important;}&#8221;][\/vc_column][\/vc_row]<\/p>\n<\/div>","protected":false},"excerpt":{"rendered":"<p>[vc_row full_width=&#8221;stretch_row&#8221; equal_height=&#8221;yes&#8221; content_placement=&#8221;middle&#8221; css=&#8221;.vc_custom_1702307596192{padding-top: 64px !important;padding-bottom: 64px !important;}&#8221;][vc_column width=&#8221;1\/2&#8243;][vc_column_text css=&#8221;.vc_custom_1702365377980{margin-bottom: 32px !important;}&#8221;] Hotel Rates for Dog &amp; Cat Care [\/vc_column_text][vc_column_text css=&#8221;.vc_custom_1702307581229{margin-top: 32px !important;}&#8221;]At the Casa del Perro we have complete and functional facilities, suitable as a dog hotel, so that your pets are as comfortable as possible during your absences. Whether it&#8217;s for a&#8230;<\/p>\n","protected":false},"author":1,"featured_media":0,"parent":0,"menu_order":0,"comment_status":"closed","ping_status":"closed","template":"","meta":{"_acf_changed":false,"_kad_post_transparent":"","_kad_post_title":"","_kad_post_layout":"","_kad_post_sidebar_id":"","_kad_post_content_style":"","_kad_post_vertical_padding":"","_kad_post_feature":"","_kad_post_feature_position":"","_kad_post_header":false,"_kad_post_footer":false,"_kad_post_classname":"","footnotes":""},"class_list":["post-5447","page","type-page","status-publish","hentry"],"acf":[],"yoast_head":"<!-- This site is optimized with the Yoast SEO plugin v27.4 - https:\/\/yoast.com\/product\/yoast-seo-wordpress\/ -->\n<title>Hotel for dogs and cats - La casa del perro<\/title>\n<meta name=\"robots\" content=\"index, follow, max-snippet:-1, max-image-preview:large, max-video-preview:-1\" \/>\n<link rel=\"canonical\" href=\"https:\/\/lacasadelperro.es\/en\/hotel-for-dogs-and-cats\/\" \/>\n<meta property=\"og:locale\" content=\"en_US\" \/>\n<meta property=\"og:type\" content=\"article\" \/>\n<meta property=\"og:title\" content=\"Hotel for dogs and cats - La casa del perro\" \/>\n<meta property=\"og:description\" content=\"[vc_row full_width=&#8221;stretch_row&#8221; equal_height=&#8221;yes&#8221; content_placement=&#8221;middle&#8221; css=&#8221;.vc_custom_1702307596192{padding-top: 64px !important;padding-bottom: 64px !important;}&#8221;][vc_column width=&#8221;1\/2&#8243;][vc_column_text css=&#8221;.vc_custom_1702365377980{margin-bottom: 32px !important;}&#8221;] Hotel Rates for Dog &amp; Cat Care [\/vc_column_text][vc_column_text css=&#8221;.vc_custom_1702307581229{margin-top: 32px !important;}&#8221;]At the Casa del Perro we have complete and functional facilities, suitable as a dog hotel, so that your pets are as comfortable as possible during your absences. Whether it&#8217;s for a...\" \/>\n<meta property=\"og:url\" content=\"https:\/\/lacasadelperro.es\/en\/hotel-for-dogs-and-cats\/\" \/>\n<meta property=\"og:site_name\" content=\"La casa del perro\" \/>\n<meta property=\"article:modified_time\" content=\"2024-03-08T12:21:48+00:00\" \/>\n<meta name=\"twitter:card\" content=\"summary_large_image\" \/>\n<meta name=\"twitter:label1\" content=\"Est. reading time\" \/>\n\t<meta name=\"twitter:data1\" content=\"3 minutes\" \/>\n<script type=\"application\/ld+json\" class=\"yoast-schema-graph\">{\"@context\":\"https:\\\/\\\/schema.org\",\"@graph\":[{\"@type\":\"WebPage\",\"@id\":\"https:\\\/\\\/lacasadelperro.es\\\/en\\\/hotel-for-dogs-and-cats\\\/\",\"url\":\"https:\\\/\\\/lacasadelperro.es\\\/en\\\/hotel-for-dogs-and-cats\\\/\",\"name\":\"Hotel for dogs and cats - La casa del perro\",\"isPartOf\":{\"@id\":\"https:\\\/\\\/lacasadelperro.es\\\/#website\"},\"datePublished\":\"2020-06-25T10:40:21+00:00\",\"dateModified\":\"2024-03-08T12:21:48+00:00\",\"breadcrumb\":{\"@id\":\"https:\\\/\\\/lacasadelperro.es\\\/en\\\/hotel-for-dogs-and-cats\\\/#breadcrumb\"},\"inLanguage\":\"en-US\",\"potentialAction\":[{\"@type\":\"ReadAction\",\"target\":[\"https:\\\/\\\/lacasadelperro.es\\\/en\\\/hotel-for-dogs-and-cats\\\/\"]}]},{\"@type\":\"BreadcrumbList\",\"@id\":\"https:\\\/\\\/lacasadelperro.es\\\/en\\\/hotel-for-dogs-and-cats\\\/#breadcrumb\",\"itemListElement\":[{\"@type\":\"ListItem\",\"position\":1,\"name\":\"Portada\",\"item\":\"https:\\\/\\\/lacasadelperro.es\\\/en\\\/the-dog-house\\\/\"},{\"@type\":\"ListItem\",\"position\":2,\"name\":\"Hotel for dogs and cats\"}]},{\"@type\":\"WebSite\",\"@id\":\"https:\\\/\\\/lacasadelperro.es\\\/#website\",\"url\":\"https:\\\/\\\/lacasadelperro.es\\\/\",\"name\":\"La casa del perro\",\"description\":\"Residencia para animales de compa\u00f1\u00eda, servicios municipales de recogida, custodia y manutenci\u00f3n de animales.\",\"publisher\":{\"@id\":\"https:\\\/\\\/lacasadelperro.es\\\/#organization\"},\"potentialAction\":[{\"@type\":\"SearchAction\",\"target\":{\"@type\":\"EntryPoint\",\"urlTemplate\":\"https:\\\/\\\/lacasadelperro.es\\\/?s={search_term_string}\"},\"query-input\":{\"@type\":\"PropertyValueSpecification\",\"valueRequired\":true,\"valueName\":\"search_term_string\"}}],\"inLanguage\":\"en-US\"},{\"@type\":\"Organization\",\"@id\":\"https:\\\/\\\/lacasadelperro.es\\\/#organization\",\"name\":\"La casa del perro\",\"url\":\"https:\\\/\\\/lacasadelperro.es\\\/\",\"logo\":{\"@type\":\"ImageObject\",\"inLanguage\":\"en-US\",\"@id\":\"https:\\\/\\\/lacasadelperro.es\\\/#\\\/schema\\\/logo\\\/image\\\/\",\"url\":\"https:\\\/\\\/lacasadelperro.es\\\/wp-content\\\/uploads\\\/2023\\\/12\\\/logo-casa-perro@2x.png\",\"contentUrl\":\"https:\\\/\\\/lacasadelperro.es\\\/wp-content\\\/uploads\\\/2023\\\/12\\\/logo-casa-perro@2x.png\",\"width\":428,\"height\":156,\"caption\":\"La casa del perro\"},\"image\":{\"@id\":\"https:\\\/\\\/lacasadelperro.es\\\/#\\\/schema\\\/logo\\\/image\\\/\"}}]}<\/script>\n<!-- \/ Yoast SEO plugin. -->","yoast_head_json":{"title":"Hotel for dogs and cats - La casa del perro","robots":{"index":"index","follow":"follow","max-snippet":"max-snippet:-1","max-image-preview":"max-image-preview:large","max-video-preview":"max-video-preview:-1"},"canonical":"https:\/\/lacasadelperro.es\/en\/hotel-for-dogs-and-cats\/","og_locale":"en_US","og_type":"article","og_title":"Hotel for dogs and cats - La casa del perro","og_description":"[vc_row full_width=&#8221;stretch_row&#8221; equal_height=&#8221;yes&#8221; content_placement=&#8221;middle&#8221; css=&#8221;.vc_custom_1702307596192{padding-top: 64px !important;padding-bottom: 64px !important;}&#8221;][vc_column width=&#8221;1\/2&#8243;][vc_column_text css=&#8221;.vc_custom_1702365377980{margin-bottom: 32px !important;}&#8221;] Hotel Rates for Dog &amp; Cat Care [\/vc_column_text][vc_column_text css=&#8221;.vc_custom_1702307581229{margin-top: 32px !important;}&#8221;]At the Casa del Perro we have complete and functional facilities, suitable as a dog hotel, so that your pets are as comfortable as possible during your absences. Whether it&#8217;s for a...","og_url":"https:\/\/lacasadelperro.es\/en\/hotel-for-dogs-and-cats\/","og_site_name":"La casa del perro","article_modified_time":"2024-03-08T12:21:48+00:00","twitter_card":"summary_large_image","twitter_misc":{"Est. reading time":"3 minutes"},"schema":{"@context":"https:\/\/schema.org","@graph":[{"@type":"WebPage","@id":"https:\/\/lacasadelperro.es\/en\/hotel-for-dogs-and-cats\/","url":"https:\/\/lacasadelperro.es\/en\/hotel-for-dogs-and-cats\/","name":"Hotel for dogs and cats - La casa del perro","isPartOf":{"@id":"https:\/\/lacasadelperro.es\/#website"},"datePublished":"2020-06-25T10:40:21+00:00","dateModified":"2024-03-08T12:21:48+00:00","breadcrumb":{"@id":"https:\/\/lacasadelperro.es\/en\/hotel-for-dogs-and-cats\/#breadcrumb"},"inLanguage":"en-US","potentialAction":[{"@type":"ReadAction","target":["https:\/\/lacasadelperro.es\/en\/hotel-for-dogs-and-cats\/"]}]},{"@type":"BreadcrumbList","@id":"https:\/\/lacasadelperro.es\/en\/hotel-for-dogs-and-cats\/#breadcrumb","itemListElement":[{"@type":"ListItem","position":1,"name":"Portada","item":"https:\/\/lacasadelperro.es\/en\/the-dog-house\/"},{"@type":"ListItem","position":2,"name":"Hotel for dogs and cats"}]},{"@type":"WebSite","@id":"https:\/\/lacasadelperro.es\/#website","url":"https:\/\/lacasadelperro.es\/","name":"La casa del perro","description":"Residencia para animales de compa\u00f1\u00eda, servicios municipales de recogida, custodia y manutenci\u00f3n de animales.","publisher":{"@id":"https:\/\/lacasadelperro.es\/#organization"},"potentialAction":[{"@type":"SearchAction","target":{"@type":"EntryPoint","urlTemplate":"https:\/\/lacasadelperro.es\/?s={search_term_string}"},"query-input":{"@type":"PropertyValueSpecification","valueRequired":true,"valueName":"search_term_string"}}],"inLanguage":"en-US"},{"@type":"Organization","@id":"https:\/\/lacasadelperro.es\/#organization","name":"La casa del perro","url":"https:\/\/lacasadelperro.es\/","logo":{"@type":"ImageObject","inLanguage":"en-US","@id":"https:\/\/lacasadelperro.es\/#\/schema\/logo\/image\/","url":"https:\/\/lacasadelperro.es\/wp-content\/uploads\/2023\/12\/logo-casa-perro@2x.png","contentUrl":"https:\/\/lacasadelperro.es\/wp-content\/uploads\/2023\/12\/logo-casa-perro@2x.png","width":428,"height":156,"caption":"La casa del perro"},"image":{"@id":"https:\/\/lacasadelperro.es\/#\/schema\/logo\/image\/"}}]}},"_links":{"self":[{"href":"https:\/\/lacasadelperro.es\/en\/wp-json\/wp\/v2\/pages\/5447","targetHints":{"allow":["GET"]}}],"collection":[{"href":"https:\/\/lacasadelperro.es\/en\/wp-json\/wp\/v2\/pages"}],"about":[{"href":"https:\/\/lacasadelperro.es\/en\/wp-json\/wp\/v2\/types\/page"}],"author":[{"embeddable":true,"href":"https:\/\/lacasadelperro.es\/en\/wp-json\/wp\/v2\/users\/1"}],"replies":[{"embeddable":true,"href":"https:\/\/lacasadelperro.es\/en\/wp-json\/wp\/v2\/comments?post=5447"}],"version-history":[{"count":0,"href":"https:\/\/lacasadelperro.es\/en\/wp-json\/wp\/v2\/pages\/5447\/revisions"}],"wp:attachment":[{"href":"https:\/\/lacasadelperro.es\/en\/wp-json\/wp\/v2\/media?parent=5447"}],"curies":[{"name":"wp","href":"https:\/\/api.w.org\/{rel}","templated":true}]}}