{"id":5460,"date":"2020-06-25T13:57:44","date_gmt":"2020-06-25T11:57:44","guid":{"rendered":"https:\/\/lacasadelperro.es\/contact\/"},"modified":"2024-03-08T13:32:09","modified_gmt":"2024-03-08T12:32:09","slug":"contact","status":"publish","type":"page","link":"https:\/\/lacasadelperro.es\/en\/contact\/","title":{"rendered":"Contact"},"content":{"rendered":"<div class=\"wpb-content-wrapper\"><p>[vc_row css=&#8221;.vc_custom_1593086242903{margin-top: 48px !important;}&#8221;][vc_column][vc_column_text]<\/p>\n<h1>Contact La Casa del Perro<\/h1>\n<p>[\/vc_column_text][\/vc_column][\/vc_row][vc_row full_width=&#8221;stretch_row_content_no_spaces&#8221; css=&#8221;.vc_custom_1593160548195{margin-top: 120px !important;}&#8221;][vc_column width=&#8221;1\/2&#8243; el_class=&#8221;columna-mapa&#8221;][vc_gmaps link=&#8221;#E-8_JTNDaWZyYW1lJTIwc3JjJTNEJTIyaHR0cHMlM0ElMkYlMkZzbmF6enltYXBzLmNvbSUyRmVtYmVkJTJGMjQ2MDUzJTIyJTIwd2lkdGglM0QlMjI2MDAlMjIlMjBoZWlnaHQlM0QlMjI3MDAlMjIlMjBmcmFtZWJvcmRlciUzRCUyMjAlMjIlMjBzdHlsZSUzRCUyMmJvcmRlciUzQTAlM0IlMjIlMjBhbGxvd2Z1bGxzY3JlZW4lM0QlMjIlMjIlMjBhcmlhLWhpZGRlbiUzRCUyMmZhbHNlJTIyJTIwdGFiaW5kZXglM0QlMjIwJTIyJTNFJTNDJTJGaWZyYW1lJTNF&#8221; size=&#8221;700&#8243; el_class=&#8221;mapa-sopela&#8221;][\/vc_column][vc_column width=&#8221;1\/2&#8243; css=&#8221;.vc_custom_1593156107796{padding-right: 64px !important;padding-left: 64px !important;}&#8221;][vc_row_inner el_class=&#8221;templatera-formulario-fichas&#8221;][vc_column_inner]\n<div class=\"wpcf7 no-js\" id=\"wpcf7-f526-o1\" lang=\"es-ES\" dir=\"ltr\" data-wpcf7-id=\"526\">\n<div class=\"screen-reader-response\"><p role=\"status\" aria-live=\"polite\" aria-atomic=\"true\"><\/p> <ul><\/ul><\/div>\n<form action=\"\/en\/wp-json\/wp\/v2\/pages\/5460#wpcf7-f526-o1\" method=\"post\" class=\"wpcf7-form init\" aria-label=\"Formulario de contacto\" novalidate=\"novalidate\" data-status=\"init\">\n<fieldset class=\"hidden-fields-container\"><input type=\"hidden\" name=\"_wpcf7\" value=\"526\" \/><input type=\"hidden\" name=\"_wpcf7_version\" value=\"6.1.5\" \/><input type=\"hidden\" name=\"_wpcf7_locale\" value=\"es_ES\" \/><input type=\"hidden\" name=\"_wpcf7_unit_tag\" value=\"wpcf7-f526-o1\" \/><input type=\"hidden\" name=\"_wpcf7_container_post\" value=\"0\" \/><input type=\"hidden\" name=\"_wpcf7_posted_data_hash\" value=\"\" \/><input type=\"hidden\" name=\"_wpcf7_recaptcha_response\" value=\"\" \/>\n<\/fieldset>\n<div class=\"vc_row\">\n\t<div class=\"vc_col-md-6\">\n\t\t<p><span class=\"wpcf7-form-control-wrap\" data-name=\"nombre\"><input size=\"40\" maxlength=\"400\" class=\"wpcf7-form-control wpcf7-text wpcf7-validates-as-required\" aria-required=\"true\" aria-invalid=\"false\" placeholder=\"Nombre *\" value=\"\" type=\"text\" name=\"nombre\" \/><\/span>\n\t\t<\/p>\n\t<\/div>\n\t<div class=\"vc_col-md-6\">\n\t\t<p><span class=\"wpcf7-form-control-wrap\" data-name=\"telefono\"><input size=\"40\" maxlength=\"400\" class=\"wpcf7-form-control wpcf7-tel wpcf7-validates-as-required wpcf7-text wpcf7-validates-as-tel\" aria-required=\"true\" aria-invalid=\"false\" placeholder=\"Tel\u00e9fono *\" value=\"\" type=\"tel\" name=\"telefono\" \/><\/span>\n\t\t<\/p>\n\t<\/div>\n<\/div>\n<div class=\"vc_row\">\n\t<div class=\"vc_col-md-12\">\n\t\t<p><span class=\"wpcf7-form-control-wrap\" data-name=\"email\"><input size=\"40\" maxlength=\"400\" class=\"wpcf7-form-control wpcf7-email wpcf7-text wpcf7-validates-as-email\" aria-invalid=\"false\" placeholder=\"E-mail *\" value=\"\" type=\"email\" name=\"email\" \/><\/span>\n\t\t<\/p>\n\t<\/div>\n\t<div class=\"vc_col-md-12\">\n\t\t<p><span class=\"wpcf7-form-control-wrap\" data-name=\"mensaje\"><textarea cols=\"40\" rows=\"4\" maxlength=\"2000\" class=\"wpcf7-form-control wpcf7-textarea\" aria-invalid=\"false\" placeholder=\"Cu\u00e9ntanos m\u00e1s sobre ti\" name=\"mensaje\"><\/textarea><\/span>\n\t\t<\/p>\n\t<\/div>\n<\/div>\n<div class=\"vc_row\">\n\t<div class=\"vc_col-md-12\">\n\t\t<p><span class=\"wpcf7-form-control-wrap\" data-name=\"acceptance-200\"><span class=\"wpcf7-form-control wpcf7-acceptance optional\"><span class=\"wpcf7-list-item\"><input type=\"checkbox\" name=\"acceptance-200\" value=\"1\" aria-invalid=\"false\" \/><\/span><\/span><\/span> Acepto la pol\u00edtica de privacidad\n\t\t<\/p>\n\t\t<p style=\"font-size: 12px; line-height:1.2rem; color:#666;\"><br \/>\n1. Administrador de datos: S.E.C. Servicios Y Equipos Caninos, S.L.<br \/>\n2. Prop\u00f3sito de datos: Relaci\u00f3n comercial e informaci\u00f3n sobre nuestros productos y servicios.<br \/>\n3. Almacenamiento de datos: Base de datos alojada en Hosting Profesional<br \/>\n4. Derechos: En cualquier momento puede <a href=\"\/politica-privacidad\/\" target=\"_blank\">limitar, recuperar, y eliminar su informaci\u00f3n.<\/a>\n\t\t<\/p>\n\t\t<p><input class=\"wpcf7-form-control wpcf7-submit has-spinner\" type=\"submit\" value=\"Enviar\" \/>\n\t\t<\/p>\n\t<\/div>\n<\/div><div class=\"wpcf7-response-output\" aria-hidden=\"true\"><\/div>\n<\/form>\n<\/div>\n[\/vc_column_inner][\/vc_row_inner][\/vc_column][\/vc_row]<\/p>\n<\/div>","protected":false},"excerpt":{"rendered":"<p>[vc_row css=&#8221;.vc_custom_1593086242903{margin-top: 48px !important;}&#8221;][vc_column][vc_column_text] Contact La Casa del Perro [\/vc_column_text][\/vc_column][\/vc_row][vc_row full_width=&#8221;stretch_row_content_no_spaces&#8221; css=&#8221;.vc_custom_1593160548195{margin-top: 120px !important;}&#8221;][vc_column width=&#8221;1\/2&#8243; el_class=&#8221;columna-mapa&#8221;][vc_gmaps link=&#8221;#E-8_JTNDaWZyYW1lJTIwc3JjJTNEJTIyaHR0cHMlM0ElMkYlMkZzbmF6enltYXBzLmNvbSUyRmVtYmVkJTJGMjQ2MDUzJTIyJTIwd2lkdGglM0QlMjI2MDAlMjIlMjBoZWlnaHQlM0QlMjI3MDAlMjIlMjBmcmFtZWJvcmRlciUzRCUyMjAlMjIlMjBzdHlsZSUzRCUyMmJvcmRlciUzQTAlM0IlMjIlMjBhbGxvd2Z1bGxzY3JlZW4lM0QlMjIlMjIlMjBhcmlhLWhpZGRlbiUzRCUyMmZhbHNlJTIyJTIwdGFiaW5kZXglM0QlMjIwJTIyJTNFJTNDJTJGaWZyYW1lJTNF&#8221; size=&#8221;700&#8243; el_class=&#8221;mapa-sopela&#8221;][\/vc_column][vc_column width=&#8221;1\/2&#8243; css=&#8221;.vc_custom_1593156107796{padding-right: 64px !important;padding-left: 64px !important;}&#8221;][vc_row_inner el_class=&#8221;templatera-formulario-fichas&#8221;][vc_column_inner][\/vc_column_inner][\/vc_row_inner][\/vc_column][\/vc_row]<\/p>\n","protected":false},"author":1,"featured_media":0,"parent":0,"menu_order":0,"comment_status":"closed","ping_status":"closed","template":"","meta":{"_acf_changed":false,"_kad_post_transparent":"","_kad_post_title":"","_kad_post_layout":"","_kad_post_sidebar_id":"","_kad_post_content_style":"","_kad_post_vertical_padding":"","_kad_post_feature":"","_kad_post_feature_position":"","_kad_post_header":false,"_kad_post_footer":false,"_kad_post_classname":"","footnotes":""},"class_list":["post-5460","page","type-page","status-publish","hentry"],"acf":[],"yoast_head":"<!-- This site is optimized with the Yoast SEO plugin v27.4 - https:\/\/yoast.com\/product\/yoast-seo-wordpress\/ -->\n<title>Contact - La casa del perro<\/title>\n<meta name=\"robots\" content=\"index, follow, max-snippet:-1, max-image-preview:large, max-video-preview:-1\" \/>\n<link rel=\"canonical\" href=\"https:\/\/lacasadelperro.es\/en\/contact\/\" \/>\n<meta property=\"og:locale\" content=\"en_US\" \/>\n<meta property=\"og:type\" content=\"article\" \/>\n<meta property=\"og:title\" content=\"Contact - La casa del perro\" \/>\n<meta property=\"og:description\" content=\"[vc_row css=&#8221;.vc_custom_1593086242903{margin-top: 48px !important;}&#8221;][vc_column][vc_column_text] Contact La Casa del Perro [\/vc_column_text][\/vc_column][\/vc_row][vc_row full_width=&#8221;stretch_row_content_no_spaces&#8221; css=&#8221;.vc_custom_1593160548195{margin-top: 120px !important;}&#8221;][vc_column width=&#8221;1\/2&#8243; el_class=&#8221;columna-mapa&#8221;][vc_gmaps link=&#8221;#E-8_JTNDaWZyYW1lJTIwc3JjJTNEJTIyaHR0cHMlM0ElMkYlMkZzbmF6enltYXBzLmNvbSUyRmVtYmVkJTJGMjQ2MDUzJTIyJTIwd2lkdGglM0QlMjI2MDAlMjIlMjBoZWlnaHQlM0QlMjI3MDAlMjIlMjBmcmFtZWJvcmRlciUzRCUyMjAlMjIlMjBzdHlsZSUzRCUyMmJvcmRlciUzQTAlM0IlMjIlMjBhbGxvd2Z1bGxzY3JlZW4lM0QlMjIlMjIlMjBhcmlhLWhpZGRlbiUzRCUyMmZhbHNlJTIyJTIwdGFiaW5kZXglM0QlMjIwJTIyJTNFJTNDJTJGaWZyYW1lJTNF&#8221; size=&#8221;700&#8243; el_class=&#8221;mapa-sopela&#8221;][\/vc_column][vc_column width=&#8221;1\/2&#8243; css=&#8221;.vc_custom_1593156107796{padding-right: 64px !important;padding-left: 64px !important;}&#8221;][vc_row_inner el_class=&#8221;templatera-formulario-fichas&#8221;][vc_column_inner][\/vc_column_inner][\/vc_row_inner][\/vc_column][\/vc_row]\" \/>\n<meta property=\"og:url\" content=\"https:\/\/lacasadelperro.es\/en\/contact\/\" \/>\n<meta property=\"og:site_name\" content=\"La casa del perro\" \/>\n<meta property=\"article:modified_time\" content=\"2024-03-08T12:32:09+00:00\" \/>\n<meta name=\"twitter:card\" content=\"summary_large_image\" \/>\n<meta name=\"twitter:label1\" content=\"Est. reading time\" \/>\n\t<meta name=\"twitter:data1\" content=\"1 minute\" \/>\n<script type=\"application\/ld+json\" class=\"yoast-schema-graph\">{\"@context\":\"https:\\\/\\\/schema.org\",\"@graph\":[{\"@type\":\"WebPage\",\"@id\":\"https:\\\/\\\/lacasadelperro.es\\\/en\\\/contact\\\/\",\"url\":\"https:\\\/\\\/lacasadelperro.es\\\/en\\\/contact\\\/\",\"name\":\"Contact - La casa del perro\",\"isPartOf\":{\"@id\":\"https:\\\/\\\/lacasadelperro.es\\\/#website\"},\"datePublished\":\"2020-06-25T11:57:44+00:00\",\"dateModified\":\"2024-03-08T12:32:09+00:00\",\"breadcrumb\":{\"@id\":\"https:\\\/\\\/lacasadelperro.es\\\/en\\\/contact\\\/#breadcrumb\"},\"inLanguage\":\"en-US\",\"potentialAction\":[{\"@type\":\"ReadAction\",\"target\":[\"https:\\\/\\\/lacasadelperro.es\\\/en\\\/contact\\\/\"]}]},{\"@type\":\"BreadcrumbList\",\"@id\":\"https:\\\/\\\/lacasadelperro.es\\\/en\\\/contact\\\/#breadcrumb\",\"itemListElement\":[{\"@type\":\"ListItem\",\"position\":1,\"name\":\"Portada\",\"item\":\"https:\\\/\\\/lacasadelperro.es\\\/en\\\/the-dog-house\\\/\"},{\"@type\":\"ListItem\",\"position\":2,\"name\":\"Contact\"}]},{\"@type\":\"WebSite\",\"@id\":\"https:\\\/\\\/lacasadelperro.es\\\/#website\",\"url\":\"https:\\\/\\\/lacasadelperro.es\\\/\",\"name\":\"La casa del perro\",\"description\":\"Residencia para animales de compa\u00f1\u00eda, servicios municipales de recogida, custodia y manutenci\u00f3n de animales.\",\"publisher\":{\"@id\":\"https:\\\/\\\/lacasadelperro.es\\\/#organization\"},\"potentialAction\":[{\"@type\":\"SearchAction\",\"target\":{\"@type\":\"EntryPoint\",\"urlTemplate\":\"https:\\\/\\\/lacasadelperro.es\\\/?s={search_term_string}\"},\"query-input\":{\"@type\":\"PropertyValueSpecification\",\"valueRequired\":true,\"valueName\":\"search_term_string\"}}],\"inLanguage\":\"en-US\"},{\"@type\":\"Organization\",\"@id\":\"https:\\\/\\\/lacasadelperro.es\\\/#organization\",\"name\":\"La casa del perro\",\"url\":\"https:\\\/\\\/lacasadelperro.es\\\/\",\"logo\":{\"@type\":\"ImageObject\",\"inLanguage\":\"en-US\",\"@id\":\"https:\\\/\\\/lacasadelperro.es\\\/#\\\/schema\\\/logo\\\/image\\\/\",\"url\":\"https:\\\/\\\/lacasadelperro.es\\\/wp-content\\\/uploads\\\/2023\\\/12\\\/logo-casa-perro@2x.png\",\"contentUrl\":\"https:\\\/\\\/lacasadelperro.es\\\/wp-content\\\/uploads\\\/2023\\\/12\\\/logo-casa-perro@2x.png\",\"width\":428,\"height\":156,\"caption\":\"La casa del perro\"},\"image\":{\"@id\":\"https:\\\/\\\/lacasadelperro.es\\\/#\\\/schema\\\/logo\\\/image\\\/\"}}]}<\/script>\n<!-- \/ Yoast SEO plugin. -->","yoast_head_json":{"title":"Contact - La casa del perro","robots":{"index":"index","follow":"follow","max-snippet":"max-snippet:-1","max-image-preview":"max-image-preview:large","max-video-preview":"max-video-preview:-1"},"canonical":"https:\/\/lacasadelperro.es\/en\/contact\/","og_locale":"en_US","og_type":"article","og_title":"Contact - La casa del perro","og_description":"[vc_row css=&#8221;.vc_custom_1593086242903{margin-top: 48px !important;}&#8221;][vc_column][vc_column_text] Contact La Casa del Perro [\/vc_column_text][\/vc_column][\/vc_row][vc_row full_width=&#8221;stretch_row_content_no_spaces&#8221; css=&#8221;.vc_custom_1593160548195{margin-top: 120px !important;}&#8221;][vc_column width=&#8221;1\/2&#8243; el_class=&#8221;columna-mapa&#8221;][vc_gmaps link=&#8221;#E-8_JTNDaWZyYW1lJTIwc3JjJTNEJTIyaHR0cHMlM0ElMkYlMkZzbmF6enltYXBzLmNvbSUyRmVtYmVkJTJGMjQ2MDUzJTIyJTIwd2lkdGglM0QlMjI2MDAlMjIlMjBoZWlnaHQlM0QlMjI3MDAlMjIlMjBmcmFtZWJvcmRlciUzRCUyMjAlMjIlMjBzdHlsZSUzRCUyMmJvcmRlciUzQTAlM0IlMjIlMjBhbGxvd2Z1bGxzY3JlZW4lM0QlMjIlMjIlMjBhcmlhLWhpZGRlbiUzRCUyMmZhbHNlJTIyJTIwdGFiaW5kZXglM0QlMjIwJTIyJTNFJTNDJTJGaWZyYW1lJTNF&#8221; size=&#8221;700&#8243; el_class=&#8221;mapa-sopela&#8221;][\/vc_column][vc_column width=&#8221;1\/2&#8243; css=&#8221;.vc_custom_1593156107796{padding-right: 64px !important;padding-left: 64px !important;}&#8221;][vc_row_inner el_class=&#8221;templatera-formulario-fichas&#8221;][vc_column_inner][\/vc_column_inner][\/vc_row_inner][\/vc_column][\/vc_row]","og_url":"https:\/\/lacasadelperro.es\/en\/contact\/","og_site_name":"La casa del perro","article_modified_time":"2024-03-08T12:32:09+00:00","twitter_card":"summary_large_image","twitter_misc":{"Est. reading time":"1 minute"},"schema":{"@context":"https:\/\/schema.org","@graph":[{"@type":"WebPage","@id":"https:\/\/lacasadelperro.es\/en\/contact\/","url":"https:\/\/lacasadelperro.es\/en\/contact\/","name":"Contact - La casa del perro","isPartOf":{"@id":"https:\/\/lacasadelperro.es\/#website"},"datePublished":"2020-06-25T11:57:44+00:00","dateModified":"2024-03-08T12:32:09+00:00","breadcrumb":{"@id":"https:\/\/lacasadelperro.es\/en\/contact\/#breadcrumb"},"inLanguage":"en-US","potentialAction":[{"@type":"ReadAction","target":["https:\/\/lacasadelperro.es\/en\/contact\/"]}]},{"@type":"BreadcrumbList","@id":"https:\/\/lacasadelperro.es\/en\/contact\/#breadcrumb","itemListElement":[{"@type":"ListItem","position":1,"name":"Portada","item":"https:\/\/lacasadelperro.es\/en\/the-dog-house\/"},{"@type":"ListItem","position":2,"name":"Contact"}]},{"@type":"WebSite","@id":"https:\/\/lacasadelperro.es\/#website","url":"https:\/\/lacasadelperro.es\/","name":"La casa del perro","description":"Residencia para animales de compa\u00f1\u00eda, servicios municipales de recogida, custodia y manutenci\u00f3n de animales.","publisher":{"@id":"https:\/\/lacasadelperro.es\/#organization"},"potentialAction":[{"@type":"SearchAction","target":{"@type":"EntryPoint","urlTemplate":"https:\/\/lacasadelperro.es\/?s={search_term_string}"},"query-input":{"@type":"PropertyValueSpecification","valueRequired":true,"valueName":"search_term_string"}}],"inLanguage":"en-US"},{"@type":"Organization","@id":"https:\/\/lacasadelperro.es\/#organization","name":"La casa del perro","url":"https:\/\/lacasadelperro.es\/","logo":{"@type":"ImageObject","inLanguage":"en-US","@id":"https:\/\/lacasadelperro.es\/#\/schema\/logo\/image\/","url":"https:\/\/lacasadelperro.es\/wp-content\/uploads\/2023\/12\/logo-casa-perro@2x.png","contentUrl":"https:\/\/lacasadelperro.es\/wp-content\/uploads\/2023\/12\/logo-casa-perro@2x.png","width":428,"height":156,"caption":"La casa del perro"},"image":{"@id":"https:\/\/lacasadelperro.es\/#\/schema\/logo\/image\/"}}]}},"_links":{"self":[{"href":"https:\/\/lacasadelperro.es\/en\/wp-json\/wp\/v2\/pages\/5460","targetHints":{"allow":["GET"]}}],"collection":[{"href":"https:\/\/lacasadelperro.es\/en\/wp-json\/wp\/v2\/pages"}],"about":[{"href":"https:\/\/lacasadelperro.es\/en\/wp-json\/wp\/v2\/types\/page"}],"author":[{"embeddable":true,"href":"https:\/\/lacasadelperro.es\/en\/wp-json\/wp\/v2\/users\/1"}],"replies":[{"embeddable":true,"href":"https:\/\/lacasadelperro.es\/en\/wp-json\/wp\/v2\/comments?post=5460"}],"version-history":[{"count":0,"href":"https:\/\/lacasadelperro.es\/en\/wp-json\/wp\/v2\/pages\/5460\/revisions"}],"wp:attachment":[{"href":"https:\/\/lacasadelperro.es\/en\/wp-json\/wp\/v2\/media?parent=5460"}],"curies":[{"name":"wp","href":"https:\/\/api.w.org\/{rel}","templated":true}]}}