{"id":5463,"date":"2023-12-15T12:23:36","date_gmt":"2023-12-15T11:23:36","guid":{"rendered":"https:\/\/lacasadelperro.es\/dog-training-in-bizkaia\/"},"modified":"2024-03-08T13:32:09","modified_gmt":"2024-03-08T12:32:09","slug":"dog-training-in-bizkaia","status":"publish","type":"page","link":"https:\/\/lacasadelperro.es\/en\/dog-training-in-bizkaia\/","title":{"rendered":"Dog training in Bizkaia"},"content":{"rendered":"<div class=\"wpb-content-wrapper\"><p>[vc_row full_width=&#8221;stretch_row&#8221; equal_height=&#8221;yes&#8221; content_placement=&#8221;middle&#8221; css=&#8221;.vc_custom_1702307596192{padding-top: 64px !important;padding-bottom: 64px !important;}&#8221;][vc_column width=&#8221;1\/2&#8243;][vc_column_text css=&#8221;.vc_custom_1702639207373{margin-bottom: 32px !important;}&#8221;]<\/p>\n<h1 style=\"margin-bottom: 32px;\">Dog training<\/h1>\n<p>[\/vc_column_text][vc_single_image image=&#8221;3186&#8243; img_size=&#8221;150&#215;75&#8243;][vc_column_text css=&#8221;.vc_custom_1702634778492{margin-top: 32px !important;}&#8221;]Discover the world of dog training with Xtrem Dogs!<\/p>\n<p>With expert trainers and a positive approach, we offer customized programs for each dog and owner. From basic obedience to advanced tricks, our classes are adapted to all levels. In modern facilities, we guarantee a safe environment.<\/p>\n<p>Start this exciting adventure![\/vc_column_text][\/vc_column][vc_column width=&#8221;1\/2&#8243;][vc_single_image image=&#8221;3322&#8243; img_size=&#8221;full&#8221;][\/vc_column][\/vc_row][vc_row css=&#8221;.vc_custom_1702639524981{margin-top: 64px !important;padding-top: 32px !important;padding-right: 32px !important;padding-bottom: 32px !important;padding-left: 32px !important;background-color: #f2f2f2 !important;}&#8221; el_id=&#8221;club-beginners&#8221;][vc_column][vc_row_inner][vc_column_inner width=&#8221;2\/3&#8243;][vc_column_text]<\/p>\n<h2>Beginners\u00b4 Club<\/h2>\n<p>[\/vc_column_text][vc_column_text css=&#8221;.vc_custom_1702638426022{margin-top: 32px !important;}&#8221;]Learn the <strong>basic rules of education<\/strong> with your dog and other four-legged friends.<\/p>\n<p>You will learn how to live together properly, as well as many<strong> tricks and skills<\/strong> that you will enjoy teaching your dog.[\/vc_column_text][vc_column_text css=&#8221;.vc_custom_1702638796876{margin-top: 24px !important;}&#8221;]<small class=\"texto-centro\">Trainings are paid monthly at the beginning of each month.<\/small>[\/vc_column_text][\/vc_column_inner][vc_column_inner width=&#8221;1\/3&#8243; css=&#8221;.vc_custom_1702637248533{padding: 24px !important;background-color: #ffffff !important;}&#8221;][vc_single_image image=&#8221;3328&#8243; img_size=&#8221;50&#215;50&#8243; alignment=&#8221;center&#8221;][vc_column_text css=&#8221;.vc_custom_1702638592577{margin-top: 8px !important;}&#8221;]<\/p>\n<h4 class=\"texto-centro\">Beginners\u00b4 Club<\/h4>\n<p>[\/vc_column_text][vc_column_text css=&#8221;.vc_custom_1702638392335{margin-top: 24px !important;}&#8221;]<\/p>\n<p class=\"texto-centro\">Every Saturday from 11:00 a.m. to 12:30 p.m.[\/vc_column_text][vc_btn title=&#8221;More information&#8221; color=&#8221;warning&#8221; align=&#8221;center&#8221; el_class=&#8221;btn-cta&#8221; link=&#8221;url:https%3A%2F%2Flacasadelperro.es%2Fen%2Fcontact%2F|title:Contact|&#8221; css=&#8221;.vc_custom_1702638616730{margin-top: 24px !important;}&#8221;][\/vc_column_inner][\/vc_row_inner][\/vc_column][\/vc_row][vc_row css=&#8221;.vc_custom_1702639538569{margin-top: 64px !important;padding-top: 32px !important;padding-right: 32px !important;padding-bottom: 32px !important;padding-left: 32px !important;background-color: #f2f2f2 !important;}&#8221; el_id=&#8221;club-advanced&#8221;][vc_column][vc_row_inner][vc_column_inner width=&#8221;2\/3&#8243;][vc_column_text]<\/p>\n<h2>Advanced Club<\/h2>\n<p>[\/vc_column_text][vc_column_text css=&#8221;.vc_custom_1702638692199{margin-top: 32px !important;}&#8221;]In our advanced club, we work as a team to <strong>promote the natural aptitudes<\/strong> of the dogs according to their functionality.<\/p>\n<p>We have adapted a <strong>multidisciplinary work protocol<\/strong> where we practice disciplines related to <strong>advanced obedience<\/strong>, the use of the canine <strong>sense of smell<\/strong> for different specialties among others.[\/vc_column_text][vc_column_text css=&#8221;.vc_custom_1702638796876{margin-top: 24px !important;}&#8221;]<small class=\"texto-centro\">Trainings are paid monthly at the beginning of each month.<\/small>[\/vc_column_text][\/vc_column_inner][vc_column_inner width=&#8221;1\/3&#8243; css=&#8221;.vc_custom_1702637248533{padding: 24px !important;background-color: #ffffff !important;}&#8221;][vc_single_image image=&#8221;3328&#8243; img_size=&#8221;50&#215;50&#8243; alignment=&#8221;center&#8221;][vc_column_text css=&#8221;.vc_custom_1702638703889{margin-top: 8px !important;}&#8221;]<\/p>\n<h4 class=\"texto-centro\">Advanced Club<\/h4>\n<p>[\/vc_column_text][vc_column_text css=&#8221;.vc_custom_1702638734769{margin-top: 24px !important;}&#8221;]<\/p>\n<p class=\"texto-centro\">Every Thursday from 6:00 pm to 7:30 pm. and Saturdays from 13:00 to 14:30 h.<\/p>\n<p>[\/vc_column_text][vc_btn title=&#8221;More information&#8221; color=&#8221;warning&#8221; align=&#8221;center&#8221; el_class=&#8221;btn-cta&#8221; link=&#8221;url:https%3A%2F%2Flacasadelperro.es%2Fen%2Fcontact%2F|title:Contact|&#8221; css=&#8221;.vc_custom_1702638616730{margin-top: 24px !important;}&#8221;][\/vc_column_inner][\/vc_row_inner][\/vc_column][\/vc_row][vc_row css=&#8221;.vc_custom_1702639555465{margin-top: 64px !important;padding-top: 32px !important;padding-right: 32px !important;padding-bottom: 32px !important;padding-left: 32px !important;background-color: #f2f2f2 !important;}&#8221; el_id=&#8221;professional-training&#8221;][vc_column][vc_row_inner][vc_column_inner width=&#8221;2\/3&#8243;][vc_column_text]<\/p>\n<h2>Professional Training Courses<\/h2>\n<p>[\/vc_column_text][vc_column_text css=&#8221;.vc_custom_1702639332218{margin-top: 32px !important;}&#8221;]<\/p>\n<ul class=\"lista-caret\">\n<li>Professional Dog Trainer<\/li>\n<li>Professional Canine Instructor<\/li>\n<li>Canine Guide specialised in Eco-Detection<\/li>\n<\/ul>\n<p>[\/vc_column_text][vc_column_text css=&#8221;.vc_custom_1702638796876{margin-top: 24px !important;}&#8221;]<small class=\"texto-centro\">Trainings are paid monthly at the beginning of each month.<\/small>[\/vc_column_text][\/vc_column_inner][vc_column_inner width=&#8221;1\/3&#8243; css=&#8221;.vc_custom_1702637248533{padding: 24px !important;background-color: #ffffff !important;}&#8221;][vc_single_image image=&#8221;3178&#8243; img_size=&#8221;full&#8221; alignment=&#8221;center&#8221;][vc_column_text css=&#8221;.vc_custom_1702639371258{margin-top: 8px !important;}&#8221;]<\/p>\n<h4 class=\"texto-centro\">Accredited by ANACP<\/h4>\n<p>[\/vc_column_text][vc_btn title=&#8221;More information&#8221; color=&#8221;warning&#8221; align=&#8221;center&#8221; el_class=&#8221;btn-cta&#8221; link=&#8221;url:https%3A%2F%2Flacasadelperro.es%2Fen%2Fcontact%2F|title:Contact|&#8221; css=&#8221;.vc_custom_1702638616730{margin-top: 24px !important;}&#8221;][\/vc_column_inner][\/vc_row_inner][\/vc_column][\/vc_row][vc_row full_width=&#8221;stretch_row&#8221; css=&#8221;.vc_custom_1702308102170{margin-top: 56px !important;margin-bottom: 32px !important;padding-top: 48px !important;padding-bottom: 48px !important;background-image: url(https:\/\/lacasadelperro.es\/wp-content\/uploads\/2023\/12\/cta-bg.jpg?id=3286) !important;background-position: center !important;background-repeat: no-repeat !important;background-size: cover !important;}&#8221;][vc_column][vc_column_text]<\/p>\n<h2 class=\"h1 texto-centro blanco\">Learn with the best professionals<\/h2>\n<h3 class=\"h2 texto-centro blanco\">You will see your dog grow in confidence and skills.<\/h3>\n<p>[\/vc_column_text][vc_btn title=&#8221;More information&#8221; color=&#8221;warning&#8221; align=&#8221;center&#8221; el_class=&#8221;btn-cta&#8221; link=&#8221;url:https%3A%2F%2Flacasadelperro.es%2Fen%2Fcontact%2F|title:Contact|&#8221; css=&#8221;.vc_custom_1702638973398{margin-top: 48px !important;}&#8221;][\/vc_column][\/vc_row]<\/p>\n<\/div>","protected":false},"excerpt":{"rendered":"<p>[vc_row full_width=&#8221;stretch_row&#8221; equal_height=&#8221;yes&#8221; content_placement=&#8221;middle&#8221; css=&#8221;.vc_custom_1702307596192{padding-top: 64px !important;padding-bottom: 64px !important;}&#8221;][vc_column width=&#8221;1\/2&#8243;][vc_column_text css=&#8221;.vc_custom_1702639207373{margin-bottom: 32px !important;}&#8221;] Dog training [\/vc_column_text][vc_single_image image=&#8221;3186&#8243; img_size=&#8221;150&#215;75&#8243;][vc_column_text css=&#8221;.vc_custom_1702634778492{margin-top: 32px !important;}&#8221;]Discover the world of dog training with Xtrem Dogs! With expert trainers and a positive approach, we offer customized programs for each dog and owner. From basic obedience to advanced tricks, our classes are adapted&#8230;<\/p>\n","protected":false},"author":1,"featured_media":0,"parent":0,"menu_order":0,"comment_status":"closed","ping_status":"closed","template":"","meta":{"_acf_changed":false,"_kad_post_transparent":"","_kad_post_title":"","_kad_post_layout":"","_kad_post_sidebar_id":"","_kad_post_content_style":"","_kad_post_vertical_padding":"","_kad_post_feature":"","_kad_post_feature_position":"","_kad_post_header":false,"_kad_post_footer":false,"_kad_post_classname":"","footnotes":""},"class_list":["post-5463","page","type-page","status-publish","hentry"],"acf":[],"yoast_head":"<!-- This site is optimized with the Yoast SEO plugin v27.5 - https:\/\/yoast.com\/product\/yoast-seo-wordpress\/ -->\n<title>Dog training in Bizkaia - La casa del perro<\/title>\n<meta name=\"robots\" content=\"index, follow, max-snippet:-1, max-image-preview:large, max-video-preview:-1\" \/>\n<link rel=\"canonical\" href=\"https:\/\/lacasadelperro.es\/en\/dog-training-in-bizkaia\/\" \/>\n<meta property=\"og:locale\" content=\"en_US\" \/>\n<meta property=\"og:type\" content=\"article\" \/>\n<meta property=\"og:title\" content=\"Dog training in Bizkaia - La casa del perro\" \/>\n<meta property=\"og:description\" content=\"[vc_row full_width=&#8221;stretch_row&#8221; equal_height=&#8221;yes&#8221; content_placement=&#8221;middle&#8221; css=&#8221;.vc_custom_1702307596192{padding-top: 64px !important;padding-bottom: 64px !important;}&#8221;][vc_column width=&#8221;1\/2&#8243;][vc_column_text css=&#8221;.vc_custom_1702639207373{margin-bottom: 32px !important;}&#8221;] Dog training [\/vc_column_text][vc_single_image image=&#8221;3186&#8243; img_size=&#8221;150&#215;75&#8243;][vc_column_text css=&#8221;.vc_custom_1702634778492{margin-top: 32px !important;}&#8221;]Discover the world of dog training with Xtrem Dogs! With expert trainers and a positive approach, we offer customized programs for each dog and owner. From basic obedience to advanced tricks, our classes are adapted...\" \/>\n<meta property=\"og:url\" content=\"https:\/\/lacasadelperro.es\/en\/dog-training-in-bizkaia\/\" \/>\n<meta property=\"og:site_name\" content=\"La casa del perro\" \/>\n<meta property=\"article:modified_time\" content=\"2024-03-08T12:32:09+00:00\" \/>\n<meta name=\"twitter:card\" content=\"summary_large_image\" \/>\n<meta name=\"twitter:label1\" content=\"Est. reading time\" \/>\n\t<meta name=\"twitter:data1\" content=\"4 minutes\" \/>\n<script type=\"application\/ld+json\" class=\"yoast-schema-graph\">{\"@context\":\"https:\\\/\\\/schema.org\",\"@graph\":[{\"@type\":\"WebPage\",\"@id\":\"https:\\\/\\\/lacasadelperro.es\\\/en\\\/dog-training-in-bizkaia\\\/\",\"url\":\"https:\\\/\\\/lacasadelperro.es\\\/en\\\/dog-training-in-bizkaia\\\/\",\"name\":\"Dog training in Bizkaia - La casa del perro\",\"isPartOf\":{\"@id\":\"https:\\\/\\\/lacasadelperro.es\\\/#website\"},\"datePublished\":\"2023-12-15T11:23:36+00:00\",\"dateModified\":\"2024-03-08T12:32:09+00:00\",\"breadcrumb\":{\"@id\":\"https:\\\/\\\/lacasadelperro.es\\\/en\\\/dog-training-in-bizkaia\\\/#breadcrumb\"},\"inLanguage\":\"en-US\",\"potentialAction\":[{\"@type\":\"ReadAction\",\"target\":[\"https:\\\/\\\/lacasadelperro.es\\\/en\\\/dog-training-in-bizkaia\\\/\"]}]},{\"@type\":\"BreadcrumbList\",\"@id\":\"https:\\\/\\\/lacasadelperro.es\\\/en\\\/dog-training-in-bizkaia\\\/#breadcrumb\",\"itemListElement\":[{\"@type\":\"ListItem\",\"position\":1,\"name\":\"Portada\",\"item\":\"https:\\\/\\\/lacasadelperro.es\\\/en\\\/the-dog-house\\\/\"},{\"@type\":\"ListItem\",\"position\":2,\"name\":\"Dog training in Bizkaia\"}]},{\"@type\":\"WebSite\",\"@id\":\"https:\\\/\\\/lacasadelperro.es\\\/#website\",\"url\":\"https:\\\/\\\/lacasadelperro.es\\\/\",\"name\":\"La casa del perro\",\"description\":\"Residencia para animales de compa\u00f1\u00eda, servicios municipales de recogida, custodia y manutenci\u00f3n de animales.\",\"publisher\":{\"@id\":\"https:\\\/\\\/lacasadelperro.es\\\/#organization\"},\"potentialAction\":[{\"@type\":\"SearchAction\",\"target\":{\"@type\":\"EntryPoint\",\"urlTemplate\":\"https:\\\/\\\/lacasadelperro.es\\\/?s={search_term_string}\"},\"query-input\":{\"@type\":\"PropertyValueSpecification\",\"valueRequired\":true,\"valueName\":\"search_term_string\"}}],\"inLanguage\":\"en-US\"},{\"@type\":\"Organization\",\"@id\":\"https:\\\/\\\/lacasadelperro.es\\\/#organization\",\"name\":\"La casa del perro\",\"url\":\"https:\\\/\\\/lacasadelperro.es\\\/\",\"logo\":{\"@type\":\"ImageObject\",\"inLanguage\":\"en-US\",\"@id\":\"https:\\\/\\\/lacasadelperro.es\\\/#\\\/schema\\\/logo\\\/image\\\/\",\"url\":\"https:\\\/\\\/lacasadelperro.es\\\/wp-content\\\/uploads\\\/2023\\\/12\\\/logo-casa-perro@2x.png\",\"contentUrl\":\"https:\\\/\\\/lacasadelperro.es\\\/wp-content\\\/uploads\\\/2023\\\/12\\\/logo-casa-perro@2x.png\",\"width\":428,\"height\":156,\"caption\":\"La casa del perro\"},\"image\":{\"@id\":\"https:\\\/\\\/lacasadelperro.es\\\/#\\\/schema\\\/logo\\\/image\\\/\"}}]}<\/script>\n<!-- \/ Yoast SEO plugin. -->","yoast_head_json":{"title":"Dog training in Bizkaia - La casa del perro","robots":{"index":"index","follow":"follow","max-snippet":"max-snippet:-1","max-image-preview":"max-image-preview:large","max-video-preview":"max-video-preview:-1"},"canonical":"https:\/\/lacasadelperro.es\/en\/dog-training-in-bizkaia\/","og_locale":"en_US","og_type":"article","og_title":"Dog training in Bizkaia - La casa del perro","og_description":"[vc_row full_width=&#8221;stretch_row&#8221; equal_height=&#8221;yes&#8221; content_placement=&#8221;middle&#8221; css=&#8221;.vc_custom_1702307596192{padding-top: 64px !important;padding-bottom: 64px !important;}&#8221;][vc_column width=&#8221;1\/2&#8243;][vc_column_text css=&#8221;.vc_custom_1702639207373{margin-bottom: 32px !important;}&#8221;] Dog training [\/vc_column_text][vc_single_image image=&#8221;3186&#8243; img_size=&#8221;150&#215;75&#8243;][vc_column_text css=&#8221;.vc_custom_1702634778492{margin-top: 32px !important;}&#8221;]Discover the world of dog training with Xtrem Dogs! With expert trainers and a positive approach, we offer customized programs for each dog and owner. From basic obedience to advanced tricks, our classes are adapted...","og_url":"https:\/\/lacasadelperro.es\/en\/dog-training-in-bizkaia\/","og_site_name":"La casa del perro","article_modified_time":"2024-03-08T12:32:09+00:00","twitter_card":"summary_large_image","twitter_misc":{"Est. reading time":"4 minutes"},"schema":{"@context":"https:\/\/schema.org","@graph":[{"@type":"WebPage","@id":"https:\/\/lacasadelperro.es\/en\/dog-training-in-bizkaia\/","url":"https:\/\/lacasadelperro.es\/en\/dog-training-in-bizkaia\/","name":"Dog training in Bizkaia - La casa del perro","isPartOf":{"@id":"https:\/\/lacasadelperro.es\/#website"},"datePublished":"2023-12-15T11:23:36+00:00","dateModified":"2024-03-08T12:32:09+00:00","breadcrumb":{"@id":"https:\/\/lacasadelperro.es\/en\/dog-training-in-bizkaia\/#breadcrumb"},"inLanguage":"en-US","potentialAction":[{"@type":"ReadAction","target":["https:\/\/lacasadelperro.es\/en\/dog-training-in-bizkaia\/"]}]},{"@type":"BreadcrumbList","@id":"https:\/\/lacasadelperro.es\/en\/dog-training-in-bizkaia\/#breadcrumb","itemListElement":[{"@type":"ListItem","position":1,"name":"Portada","item":"https:\/\/lacasadelperro.es\/en\/the-dog-house\/"},{"@type":"ListItem","position":2,"name":"Dog training in Bizkaia"}]},{"@type":"WebSite","@id":"https:\/\/lacasadelperro.es\/#website","url":"https:\/\/lacasadelperro.es\/","name":"La casa del perro","description":"Residencia para animales de compa\u00f1\u00eda, servicios municipales de recogida, custodia y manutenci\u00f3n de animales.","publisher":{"@id":"https:\/\/lacasadelperro.es\/#organization"},"potentialAction":[{"@type":"SearchAction","target":{"@type":"EntryPoint","urlTemplate":"https:\/\/lacasadelperro.es\/?s={search_term_string}"},"query-input":{"@type":"PropertyValueSpecification","valueRequired":true,"valueName":"search_term_string"}}],"inLanguage":"en-US"},{"@type":"Organization","@id":"https:\/\/lacasadelperro.es\/#organization","name":"La casa del perro","url":"https:\/\/lacasadelperro.es\/","logo":{"@type":"ImageObject","inLanguage":"en-US","@id":"https:\/\/lacasadelperro.es\/#\/schema\/logo\/image\/","url":"https:\/\/lacasadelperro.es\/wp-content\/uploads\/2023\/12\/logo-casa-perro@2x.png","contentUrl":"https:\/\/lacasadelperro.es\/wp-content\/uploads\/2023\/12\/logo-casa-perro@2x.png","width":428,"height":156,"caption":"La casa del perro"},"image":{"@id":"https:\/\/lacasadelperro.es\/#\/schema\/logo\/image\/"}}]}},"_links":{"self":[{"href":"https:\/\/lacasadelperro.es\/en\/wp-json\/wp\/v2\/pages\/5463","targetHints":{"allow":["GET"]}}],"collection":[{"href":"https:\/\/lacasadelperro.es\/en\/wp-json\/wp\/v2\/pages"}],"about":[{"href":"https:\/\/lacasadelperro.es\/en\/wp-json\/wp\/v2\/types\/page"}],"author":[{"embeddable":true,"href":"https:\/\/lacasadelperro.es\/en\/wp-json\/wp\/v2\/users\/1"}],"replies":[{"embeddable":true,"href":"https:\/\/lacasadelperro.es\/en\/wp-json\/wp\/v2\/comments?post=5463"}],"version-history":[{"count":0,"href":"https:\/\/lacasadelperro.es\/en\/wp-json\/wp\/v2\/pages\/5463\/revisions"}],"wp:attachment":[{"href":"https:\/\/lacasadelperro.es\/en\/wp-json\/wp\/v2\/media?parent=5463"}],"curies":[{"name":"wp","href":"https:\/\/api.w.org\/{rel}","templated":true}]}}