{"id":5467,"date":"2020-07-07T08:53:28","date_gmt":"2020-07-07T06:53:28","guid":{"rendered":"https:\/\/lacasadelperro.es\/la-casa-who-we-are\/"},"modified":"2024-03-08T13:32:09","modified_gmt":"2024-03-08T12:32:09","slug":"la-casa-who-we-are","status":"publish","type":"page","link":"https:\/\/lacasadelperro.es\/en\/la-casa-who-we-are\/","title":{"rendered":"La Casa &#8211; Who we are"},"content":{"rendered":"<div class=\"wpb-content-wrapper\"><p>[vc_row css=&#8221;.vc_custom_1594104827152{padding-top: 64px !important;padding-bottom: 64px !important;}&#8221;][vc_column][vc_column_text css=&#8221;.vc_custom_1594105726956{margin-bottom: 32px !important;}&#8221;]<\/p>\n<h1 style=\"margin-bottom: 32px; text-align: center;\">What is La Casa del Perro?<\/h1>\n<p>[\/vc_column_text][vc_column_text css=&#8221;.vc_custom_1594632066126{margin-top: 32px !important;}&#8221;]At La <a href=\"https:\/\/lacasadelperro.es\/en\/\">Casa del Perro<\/a> we have <strong>complete and functional facilities<\/strong>, suitable as a hotel for dogs and cats, but also as a <a href=\"http:\/\/faada.org\/entidades-asociaciones-protectoras-vizcaya\">shelter<\/a> for animals looking for a responsible adoption.<\/p>\n<p>We are also a <strong>Dog Training Center<\/strong>; and we have been working for many years in Bizkaia, raising awareness about animals with our courses and workshops.<\/p>\n<p>For a dog or cat, it is a very radical change to leave our center, kennel or cattery to join a home. Everything is new, everyone is unknown, you don&#8217;t listen to the other dogs, etc&#8230;.. Knowing this, it goes without saying that the main thing is to have a bag of patience.<\/p>\n<p>We work to achieve <a href=\"https:\/\/lacasadelperro.es\/en\/adopting-a-dog\/\"><br \/>\n  <strong>responsible adoptions<\/strong><br \/>\n<\/a>not only for puppies, but also for older animals, who are usually forgotten and who, like all our furry ones, also deserve a chance to get a home where they will be cared for and loved.<\/p>\n<p>In our eagerness to fight against animal abandonment, our <a href=\"https:\/\/lacasadelperro.es\/en\/hotel-for-dogs-and-cats\/\"><br \/>\n  <strong>Hotel for Dogs and Cats<\/strong><br \/>\n<\/a> has very adjusted rates, which allow for the circumstances that were, accommodate your pets comfortably and safely, until they can return to your side. Always with all the guarantees of safety and health.[\/vc_column_text][\/vc_column][\/vc_row][vc_row css=&#8221;.vc_custom_1593086613234{margin-top: 56px !important;margin-bottom: 32px !important;padding-top: 48px !important;padding-bottom: 48px !important;}&#8221;][vc_column][vc_column_text]<\/p>\n<h2 style=\"text-align: center;\">If you want to know more<\/h2>\n<h3 style=\"text-align: center;\">Contact with us<\/h3>\n<p>[\/vc_column_text][dt_default_button link=&#8221;url:%2Fcontacto%2F|title:Contacto||&#8221; size=&#8221;big&#8221; button_alignment=&#8221;btn_center&#8221; el_class=&#8221;btn-morado&#8221;]Contactar[\/dt_default_button][\/vc_column][\/vc_row][vc_row css=&#8221;.vc_custom_1594104066763{padding-top: 0px !important;padding-bottom: 0px !important;}&#8221;][vc_column][vc_single_image image=&#8221;648&#8243; img_size=&#8221;full&#8221; alignment=&#8221;center&#8221; image_hovers=&#8221;false&#8221; css=&#8221;.vc_custom_1594105673426{margin-top: 64px !important;margin-bottom: 64px !important;}&#8221;][\/vc_column][\/vc_row]<\/p>\n<\/div>","protected":false},"excerpt":{"rendered":"<p>[vc_row css=&#8221;.vc_custom_1594104827152{padding-top: 64px !important;padding-bottom: 64px !important;}&#8221;][vc_column][vc_column_text css=&#8221;.vc_custom_1594105726956{margin-bottom: 32px !important;}&#8221;] What is La Casa del Perro? [\/vc_column_text][vc_column_text css=&#8221;.vc_custom_1594632066126{margin-top: 32px !important;}&#8221;]At La Casa del Perro we have complete and functional facilities, suitable as a hotel for dogs and cats, but also as a shelter for animals looking for a responsible adoption. We are also a Dog Training&#8230;<\/p>\n","protected":false},"author":1,"featured_media":0,"parent":0,"menu_order":0,"comment_status":"closed","ping_status":"closed","template":"","meta":{"_acf_changed":false,"_kad_post_transparent":"","_kad_post_title":"","_kad_post_layout":"","_kad_post_sidebar_id":"","_kad_post_content_style":"","_kad_post_vertical_padding":"","_kad_post_feature":"","_kad_post_feature_position":"","_kad_post_header":false,"_kad_post_footer":false,"_kad_post_classname":"","footnotes":""},"class_list":["post-5467","page","type-page","status-publish","hentry"],"acf":[],"yoast_head":"<!-- This site is optimized with the Yoast SEO plugin v27.6 - https:\/\/yoast.com\/product\/yoast-seo-wordpress\/ -->\n<title>Hotel for Dogs and Cats | La Casa del Perro | Who are we?<\/title>\n<meta name=\"description\" content=\"La Casa del Perro is more than a hotel for dogs and cats; we are also a shelter, training center and adoption agency. Get to know us!\" \/>\n<meta name=\"robots\" content=\"index, follow, max-snippet:-1, max-image-preview:large, max-video-preview:-1\" \/>\n<link rel=\"canonical\" href=\"https:\/\/lacasadelperro.es\/en\/la-casa-who-we-are\/\" \/>\n<meta property=\"og:locale\" content=\"en_US\" \/>\n<meta property=\"og:type\" content=\"article\" \/>\n<meta property=\"og:title\" content=\"Hotel for Dogs and Cats | La Casa del Perro | Who are we?\" \/>\n<meta property=\"og:description\" content=\"La Casa del Perro is more than a hotel for dogs and cats; we are also a shelter, training center and adoption agency. Get to know us!\" \/>\n<meta property=\"og:url\" content=\"https:\/\/lacasadelperro.es\/en\/la-casa-who-we-are\/\" \/>\n<meta property=\"og:site_name\" content=\"La casa del perro\" \/>\n<meta property=\"article:modified_time\" content=\"2024-03-08T12:32:09+00:00\" \/>\n<meta name=\"twitter:card\" content=\"summary_large_image\" \/>\n<meta name=\"twitter:label1\" content=\"Est. reading time\" \/>\n\t<meta name=\"twitter:data1\" content=\"2 minutes\" \/>\n<script type=\"application\/ld+json\" class=\"yoast-schema-graph\">{\"@context\":\"https:\\\/\\\/schema.org\",\"@graph\":[{\"@type\":\"WebPage\",\"@id\":\"https:\\\/\\\/lacasadelperro.es\\\/en\\\/la-casa-who-we-are\\\/\",\"url\":\"https:\\\/\\\/lacasadelperro.es\\\/en\\\/la-casa-who-we-are\\\/\",\"name\":\"Hotel for Dogs and Cats | La Casa del Perro | Who are we?\",\"isPartOf\":{\"@id\":\"https:\\\/\\\/lacasadelperro.es\\\/#website\"},\"datePublished\":\"2020-07-07T06:53:28+00:00\",\"dateModified\":\"2024-03-08T12:32:09+00:00\",\"description\":\"La Casa del Perro is more than a hotel for dogs and cats; we are also a shelter, training center and adoption agency. Get to know us!\",\"breadcrumb\":{\"@id\":\"https:\\\/\\\/lacasadelperro.es\\\/en\\\/la-casa-who-we-are\\\/#breadcrumb\"},\"inLanguage\":\"en-US\",\"potentialAction\":[{\"@type\":\"ReadAction\",\"target\":[\"https:\\\/\\\/lacasadelperro.es\\\/en\\\/la-casa-who-we-are\\\/\"]}]},{\"@type\":\"BreadcrumbList\",\"@id\":\"https:\\\/\\\/lacasadelperro.es\\\/en\\\/la-casa-who-we-are\\\/#breadcrumb\",\"itemListElement\":[{\"@type\":\"ListItem\",\"position\":1,\"name\":\"Portada\",\"item\":\"https:\\\/\\\/lacasadelperro.es\\\/en\\\/the-dog-house\\\/\"},{\"@type\":\"ListItem\",\"position\":2,\"name\":\"La Casa &#8211; Who we are\"}]},{\"@type\":\"WebSite\",\"@id\":\"https:\\\/\\\/lacasadelperro.es\\\/#website\",\"url\":\"https:\\\/\\\/lacasadelperro.es\\\/\",\"name\":\"La casa del perro\",\"description\":\"Residencia para animales de compa\u00f1\u00eda, servicios municipales de recogida, custodia y manutenci\u00f3n de animales.\",\"publisher\":{\"@id\":\"https:\\\/\\\/lacasadelperro.es\\\/#organization\"},\"potentialAction\":[{\"@type\":\"SearchAction\",\"target\":{\"@type\":\"EntryPoint\",\"urlTemplate\":\"https:\\\/\\\/lacasadelperro.es\\\/?s={search_term_string}\"},\"query-input\":{\"@type\":\"PropertyValueSpecification\",\"valueRequired\":true,\"valueName\":\"search_term_string\"}}],\"inLanguage\":\"en-US\"},{\"@type\":\"Organization\",\"@id\":\"https:\\\/\\\/lacasadelperro.es\\\/#organization\",\"name\":\"La casa del perro\",\"url\":\"https:\\\/\\\/lacasadelperro.es\\\/\",\"logo\":{\"@type\":\"ImageObject\",\"inLanguage\":\"en-US\",\"@id\":\"https:\\\/\\\/lacasadelperro.es\\\/#\\\/schema\\\/logo\\\/image\\\/\",\"url\":\"https:\\\/\\\/lacasadelperro.es\\\/wp-content\\\/uploads\\\/2023\\\/12\\\/logo-casa-perro@2x.png\",\"contentUrl\":\"https:\\\/\\\/lacasadelperro.es\\\/wp-content\\\/uploads\\\/2023\\\/12\\\/logo-casa-perro@2x.png\",\"width\":428,\"height\":156,\"caption\":\"La casa del perro\"},\"image\":{\"@id\":\"https:\\\/\\\/lacasadelperro.es\\\/#\\\/schema\\\/logo\\\/image\\\/\"}}]}<\/script>\n<!-- \/ Yoast SEO plugin. -->","yoast_head_json":{"title":"Hotel for Dogs and Cats | La Casa del Perro | Who are we?","description":"La Casa del Perro is more than a hotel for dogs and cats; we are also a shelter, training center and adoption agency. Get to know us!","robots":{"index":"index","follow":"follow","max-snippet":"max-snippet:-1","max-image-preview":"max-image-preview:large","max-video-preview":"max-video-preview:-1"},"canonical":"https:\/\/lacasadelperro.es\/en\/la-casa-who-we-are\/","og_locale":"en_US","og_type":"article","og_title":"Hotel for Dogs and Cats | La Casa del Perro | Who are we?","og_description":"La Casa del Perro is more than a hotel for dogs and cats; we are also a shelter, training center and adoption agency. Get to know us!","og_url":"https:\/\/lacasadelperro.es\/en\/la-casa-who-we-are\/","og_site_name":"La casa del perro","article_modified_time":"2024-03-08T12:32:09+00:00","twitter_card":"summary_large_image","twitter_misc":{"Est. reading time":"2 minutes"},"schema":{"@context":"https:\/\/schema.org","@graph":[{"@type":"WebPage","@id":"https:\/\/lacasadelperro.es\/en\/la-casa-who-we-are\/","url":"https:\/\/lacasadelperro.es\/en\/la-casa-who-we-are\/","name":"Hotel for Dogs and Cats | La Casa del Perro | Who are we?","isPartOf":{"@id":"https:\/\/lacasadelperro.es\/#website"},"datePublished":"2020-07-07T06:53:28+00:00","dateModified":"2024-03-08T12:32:09+00:00","description":"La Casa del Perro is more than a hotel for dogs and cats; we are also a shelter, training center and adoption agency. Get to know us!","breadcrumb":{"@id":"https:\/\/lacasadelperro.es\/en\/la-casa-who-we-are\/#breadcrumb"},"inLanguage":"en-US","potentialAction":[{"@type":"ReadAction","target":["https:\/\/lacasadelperro.es\/en\/la-casa-who-we-are\/"]}]},{"@type":"BreadcrumbList","@id":"https:\/\/lacasadelperro.es\/en\/la-casa-who-we-are\/#breadcrumb","itemListElement":[{"@type":"ListItem","position":1,"name":"Portada","item":"https:\/\/lacasadelperro.es\/en\/the-dog-house\/"},{"@type":"ListItem","position":2,"name":"La Casa &#8211; Who we are"}]},{"@type":"WebSite","@id":"https:\/\/lacasadelperro.es\/#website","url":"https:\/\/lacasadelperro.es\/","name":"La casa del perro","description":"Residencia para animales de compa\u00f1\u00eda, servicios municipales de recogida, custodia y manutenci\u00f3n de animales.","publisher":{"@id":"https:\/\/lacasadelperro.es\/#organization"},"potentialAction":[{"@type":"SearchAction","target":{"@type":"EntryPoint","urlTemplate":"https:\/\/lacasadelperro.es\/?s={search_term_string}"},"query-input":{"@type":"PropertyValueSpecification","valueRequired":true,"valueName":"search_term_string"}}],"inLanguage":"en-US"},{"@type":"Organization","@id":"https:\/\/lacasadelperro.es\/#organization","name":"La casa del perro","url":"https:\/\/lacasadelperro.es\/","logo":{"@type":"ImageObject","inLanguage":"en-US","@id":"https:\/\/lacasadelperro.es\/#\/schema\/logo\/image\/","url":"https:\/\/lacasadelperro.es\/wp-content\/uploads\/2023\/12\/logo-casa-perro@2x.png","contentUrl":"https:\/\/lacasadelperro.es\/wp-content\/uploads\/2023\/12\/logo-casa-perro@2x.png","width":428,"height":156,"caption":"La casa del perro"},"image":{"@id":"https:\/\/lacasadelperro.es\/#\/schema\/logo\/image\/"}}]}},"_links":{"self":[{"href":"https:\/\/lacasadelperro.es\/en\/wp-json\/wp\/v2\/pages\/5467","targetHints":{"allow":["GET"]}}],"collection":[{"href":"https:\/\/lacasadelperro.es\/en\/wp-json\/wp\/v2\/pages"}],"about":[{"href":"https:\/\/lacasadelperro.es\/en\/wp-json\/wp\/v2\/types\/page"}],"author":[{"embeddable":true,"href":"https:\/\/lacasadelperro.es\/en\/wp-json\/wp\/v2\/users\/1"}],"replies":[{"embeddable":true,"href":"https:\/\/lacasadelperro.es\/en\/wp-json\/wp\/v2\/comments?post=5467"}],"version-history":[{"count":0,"href":"https:\/\/lacasadelperro.es\/en\/wp-json\/wp\/v2\/pages\/5467\/revisions"}],"wp:attachment":[{"href":"https:\/\/lacasadelperro.es\/en\/wp-json\/wp\/v2\/media?parent=5467"}],"curies":[{"name":"wp","href":"https:\/\/api.w.org\/{rel}","templated":true}]}}