{"id":5314,"date":"2023-12-11T19:08:17","date_gmt":"2023-12-11T18:08:17","guid":{"rendered":"https:\/\/lacasadelperro.es\/txakur-apaintzailea\/"},"modified":"2024-01-24T13:01:01","modified_gmt":"2024-01-24T12:01:01","slug":"txakur-apaintzailea","status":"publish","type":"page","link":"https:\/\/lacasadelperro.es\/eu\/txakur-apaintzailea\/","title":{"rendered":"Txakur apaintzailea"},"content":{"rendered":"<div class=\"wpb-content-wrapper\"><p>[vc_row full_width=&#8221;stretch_row&#8221; equal_height=&#8221;yes&#8221; content_placement=&#8221;middle&#8221; css=&#8221;.vc_custom_1702307596192{padding-top: 64px !important;padding-bottom: 64px !important;}&#8221;][vc_column width=&#8221;1\/2&#8243;][vc_column_text css=&#8221;.vc_custom_1702316689495{margin-bottom: 32px !important;}&#8221;]<\/p>\n<h1 style=\"margin-bottom: 32px;\">Txakur apaintzailea<\/h1>\n<p>[\/vc_column_text][vc_column_text css=&#8221;.vc_custom_1702317146318{margin-top: 32px !important;}&#8221;]Txakurrak apaintzeko zerbitzua zure lau hankako maskota zaindu eta edertzeko diseinatutako esperientzia oso eta espezializatua da.<\/p>\n<p>Zure txakurraren erosotasuna eta osasuna bermatzeko hainbat zerbitzu biltzen dituen tratamendu integrala eskaintzen dugu: bainua, zure maskotaren estilora egokitutako ilea moztea, biluzteko teknika, belarriak eta azazkalak apaintzea,&#8230; Begiratu![\/vc_column_text][\/vc_column][vc_column width=&#8221;1\/2&#8243;][vc_single_image image=&#8221;3305&#8243; img_size=&#8221;full&#8221;][\/vc_column][\/vc_row][vc_row css=&#8221;.vc_custom_1593081855020{margin-top: 64px !important;}&#8221;][vc_column][vc_column_text]<\/p>\n<h2 class=\"nombre-animal-indice\">Bainugela<\/h2>\n<p>[\/vc_column_text][vc_column_text css=&#8221;.vc_custom_1702317635670{margin-top: 40px !important;}&#8221;]<\/p>\n<table class=\"tarifas-perros\">\n<tbody>\n<tr class=\"cabecera-tabla\">\n<td class=\"oculta\"><\/td>\n<td>Ile motza<\/td>\n<td>Ile luzea<\/td>\n<\/tr>\n<tr class=\"descripcion\">\n<td>Bainugela<\/td>\n<td>Prezioa<\/td>\n<td>Prezioa<\/td>\n<\/tr>\n<tr class=\"tarifas\">\n<td>Txakur txikia (10 kg arte)<\/td>\n<td>10\u20ac<\/td>\n<td>15 \u20ac<\/td>\n<\/tr>\n<tr class=\"tarifas\">\n<td>Txakur ertaina (25 kg arte)<\/td>\n<td>15 \u20ac<\/td>\n<td>20\u20ac<\/td>\n<\/tr>\n<tr class=\"tarifas\">\n<td>Txakur handia (40 kg arte)<\/td>\n<td>20\u20ac<\/td>\n<td>25 \u20ac<\/td>\n<\/tr>\n<\/tbody>\n<\/table>\n<p>%21 BEZ barne[\/vc_column_text][\/vc_column][\/vc_row][vc_row css=&#8221;.vc_custom_1593081855020{margin-top: 64px !important;}&#8221;][vc_column][vc_column_text]<\/p>\n<h2 class=\"nombre-animal-indice\">Kantxa + Bainua<\/h2>\n<p>[\/vc_column_text][vc_column_text css=&#8221;.vc_custom_1702317814762{margin-top: 40px !important;}&#8221;]<\/p>\n<table class=\"tarifas-perros\">\n<tbody>\n<tr class=\"cabecera-tabla\">\n<td class=\"oculta\"><\/td>\n<td>Prezioa<\/td>\n<\/tr>\n<tr class=\"descripcion\">\n<td colspan=\"2\">Kantxa + Bainua<\/td>\n<\/tr>\n<tr class=\"tarifas\">\n<td>Txakur txikia (10 kg arte)<\/td>\n<td>30\u20ac<\/td>\n<\/tr>\n<tr class=\"tarifas\">\n<td>Txakur ertaina (25 kg arte)<\/td>\n<td>35 \u20ac<\/td>\n<\/tr>\n<tr class=\"tarifas\">\n<td>Txakur handia (40 kg arte)<\/td>\n<td>40 \u20ac<\/td>\n<\/tr>\n<\/tbody>\n<\/table>\n<p>%21 BEZ barne[\/vc_column_text][\/vc_column][\/vc_row][vc_row css=&#8221;.vc_custom_1593081855020{margin-top: 64px !important;}&#8221;][vc_column][vc_column_text]<\/p>\n<h2 class=\"nombre-animal-indice\">Biluztea + Bainua<\/h2>\n<p>[\/vc_column_text][vc_column_text css=&#8221;.vc_custom_1702317862636{margin-top: 40px !important;}&#8221;]<\/p>\n<table class=\"tarifas-perros\">\n<tbody>\n<tr class=\"cabecera-tabla\">\n<td class=\"oculta\"><\/td>\n<td>Prezioa<\/td>\n<\/tr>\n<tr class=\"descripcion\">\n<td colspan=\"2\">Biluztea + Bainua<\/td>\n<\/tr>\n<tr class=\"tarifas\">\n<td>Txakur txikia (10 kg arte)<\/td>\n<td>35 \u20ac<\/td>\n<\/tr>\n<tr class=\"tarifas\">\n<td>Txakur ertaina (25 kg arte)<\/td>\n<td>45 \u20ac<\/td>\n<\/tr>\n<tr class=\"tarifas\">\n<td>Txakur handia (40 kg arte)<\/td>\n<td>55 \u20ac<\/td>\n<\/tr>\n<\/tbody>\n<\/table>\n<p>%21 BEZ barne[\/vc_column_text][\/vc_column][\/vc_row][vc_row css=&#8221;.vc_custom_1593081855020{margin-top: 64px !important;}&#8221;][vc_column][vc_column_text]<\/p>\n<h2 class=\"nombre-animal-indice\">Zerbitzu osagarriak<\/h2>\n<p>[\/vc_column_text][vc_column_text css=&#8221;.vc_custom_1702317973877{margin-top: 40px !important;}&#8221;]<\/p>\n<table class=\"tarifas-perros\">\n<tbody>\n<tr class=\"cabecera-tabla\">\n<td class=\"oculta\"><\/td>\n<td>Prezioa<\/td>\n<\/tr>\n<tr class=\"descripcion\">\n<td colspan=\"2\">Zerbitzu osagarriak<\/td>\n<\/tr>\n<tr class=\"tarifas\">\n<td>Maskara hidratatzailea \/ Xanpu espezifikoa<\/td>\n<td>5\u20ac<\/td>\n<\/tr>\n<tr class=\"tarifas\">\n<td>Oso korapilodun ilea<\/td>\n<td>5\u20ac<\/td>\n<\/tr>\n<tr class=\"tarifas\">\n<td>Belarrien garbiketa<\/td>\n<td>5\u20ac<\/td>\n<\/tr>\n<tr class=\"tarifas\">\n<td>iltzeak moztea<\/td>\n<td>5\u20ac<\/td>\n<\/tr>\n<tr class=\"tarifas\">\n<td>Konpresak<\/td>\n<td>5\u20ac<\/td>\n<\/tr>\n<tr class=\"tarifas\">\n<td>Etxeko bilketa eta entrega<\/td>\n<td>Kontsultatzeko<\/td>\n<\/tr>\n<\/tbody>\n<\/table>\n<p>%21 BEZ barne[\/vc_column_text][\/vc_column][\/vc_row][vc_row full_width=&#8221;stretch_row&#8221; css=&#8221;.vc_custom_1702308102170{margin-top: 56px !important;margin-bottom: 32px !important;padding-top: 48px !important;padding-bottom: 48px !important;background-image: url(https:\/\/lacasadelperro.es\/wp-content\/uploads\/2023\/12\/cta-bg.jpg?id=3286) !important;background-position: center !important;background-repeat: no-repeat !important;background-size: cover !important;}&#8221;][vc_column][vc_column_text]<\/p>\n<h2 class=\"h1 texto-centro blanco\">Zure maskota esku onenetan egongo da<\/h2>\n<h3 class=\"h2 texto-centro blanco\">Merezi duen arreta!<\/h3>\n<p>[\/vc_column_text][vc_btn title=&#8221;Eskuragarritasun kontsulta&#8221; color=&#8221;warning&#8221; align=&#8221;center&#8221; el_class=&#8221;btn-cta&#8221; link=&#8221;url:https%3A%2F%2Flacasadelperro.es%2Fcontacto%2F|title:Harremanetan%20jarri|&#8221; css=&#8221;.vc_custom_1702308571839{margin-top: 48px !important;}&#8221;][\/vc_column][\/vc_row]<\/p>\n<\/div>","protected":false},"excerpt":{"rendered":"<p>[vc_row full_width=&#8221;stretch_row&#8221; equal_height=&#8221;yes&#8221; content_placement=&#8221;middle&#8221; css=&#8221;.vc_custom_1702307596192{padding-top: 64px !important;padding-bottom: 64px !important;}&#8221;][vc_column width=&#8221;1\/2&#8243;][vc_column_text css=&#8221;.vc_custom_1702316689495{margin-bottom: 32px !important;}&#8221;] Txakur apaintzailea [\/vc_column_text][vc_column_text css=&#8221;.vc_custom_1702317146318{margin-top: 32px !important;}&#8221;]Txakurrak apaintzeko zerbitzua zure lau hankako maskota zaindu eta edertzeko diseinatutako esperientzia oso eta espezializatua da. Zure txakurraren erosotasuna eta osasuna bermatzeko hainbat zerbitzu biltzen dituen tratamendu integrala eskaintzen dugu: bainua, zure maskotaren estilora egokitutako ilea moztea,&#8230;<\/p>\n","protected":false},"author":1,"featured_media":0,"parent":0,"menu_order":0,"comment_status":"closed","ping_status":"closed","template":"","meta":{"_acf_changed":false,"_kad_post_transparent":"","_kad_post_title":"","_kad_post_layout":"","_kad_post_sidebar_id":"","_kad_post_content_style":"","_kad_post_vertical_padding":"","_kad_post_feature":"","_kad_post_feature_position":"","_kad_post_header":false,"_kad_post_footer":false,"_kad_post_classname":"","footnotes":""},"class_list":["post-5314","page","type-page","status-publish","hentry"],"acf":[],"yoast_head":"<!-- This site is optimized with the Yoast SEO plugin v27.4 - https:\/\/yoast.com\/product\/yoast-seo-wordpress\/ -->\n<title>Txakur apaintzailea - La casa del perro<\/title>\n<meta name=\"robots\" content=\"index, follow, max-snippet:-1, max-image-preview:large, max-video-preview:-1\" \/>\n<link rel=\"canonical\" href=\"https:\/\/lacasadelperro.es\/eu\/txakur-apaintzailea\/\" \/>\n<meta property=\"og:locale\" content=\"eu_ES\" \/>\n<meta property=\"og:type\" content=\"article\" \/>\n<meta property=\"og:title\" content=\"Txakur apaintzailea - La casa del perro\" \/>\n<meta property=\"og:description\" content=\"[vc_row full_width=&#8221;stretch_row&#8221; equal_height=&#8221;yes&#8221; content_placement=&#8221;middle&#8221; css=&#8221;.vc_custom_1702307596192{padding-top: 64px !important;padding-bottom: 64px !important;}&#8221;][vc_column width=&#8221;1\/2&#8243;][vc_column_text css=&#8221;.vc_custom_1702316689495{margin-bottom: 32px !important;}&#8221;] Txakur apaintzailea [\/vc_column_text][vc_column_text css=&#8221;.vc_custom_1702317146318{margin-top: 32px !important;}&#8221;]Txakurrak apaintzeko zerbitzua zure lau hankako maskota zaindu eta edertzeko diseinatutako esperientzia oso eta espezializatua da. Zure txakurraren erosotasuna eta osasuna bermatzeko hainbat zerbitzu biltzen dituen tratamendu integrala eskaintzen dugu: bainua, zure maskotaren estilora egokitutako ilea moztea,...\" \/>\n<meta property=\"og:url\" content=\"https:\/\/lacasadelperro.es\/eu\/txakur-apaintzailea\/\" \/>\n<meta property=\"og:site_name\" content=\"La casa del perro\" \/>\n<meta property=\"article:modified_time\" content=\"2024-01-24T12:01:01+00:00\" \/>\n<meta name=\"twitter:card\" content=\"summary_large_image\" \/>\n<meta name=\"twitter:label1\" content=\"Est. reading time\" \/>\n\t<meta name=\"twitter:data1\" content=\"2 minutes\" \/>\n<script type=\"application\/ld+json\" class=\"yoast-schema-graph\">{\"@context\":\"https:\\\/\\\/schema.org\",\"@graph\":[{\"@type\":\"WebPage\",\"@id\":\"https:\\\/\\\/lacasadelperro.es\\\/eu\\\/txakur-apaintzailea\\\/\",\"url\":\"https:\\\/\\\/lacasadelperro.es\\\/eu\\\/txakur-apaintzailea\\\/\",\"name\":\"Txakur apaintzailea - La casa del perro\",\"isPartOf\":{\"@id\":\"https:\\\/\\\/lacasadelperro.es\\\/#website\"},\"datePublished\":\"2023-12-11T18:08:17+00:00\",\"dateModified\":\"2024-01-24T12:01:01+00:00\",\"breadcrumb\":{\"@id\":\"https:\\\/\\\/lacasadelperro.es\\\/eu\\\/txakur-apaintzailea\\\/#breadcrumb\"},\"inLanguage\":\"eu-ES\",\"potentialAction\":[{\"@type\":\"ReadAction\",\"target\":[\"https:\\\/\\\/lacasadelperro.es\\\/eu\\\/txakur-apaintzailea\\\/\"]}]},{\"@type\":\"BreadcrumbList\",\"@id\":\"https:\\\/\\\/lacasadelperro.es\\\/eu\\\/txakur-apaintzailea\\\/#breadcrumb\",\"itemListElement\":[{\"@type\":\"ListItem\",\"position\":1,\"name\":\"Portada\",\"item\":\"https:\\\/\\\/lacasadelperro.es\\\/eu\\\/\"},{\"@type\":\"ListItem\",\"position\":2,\"name\":\"Txakur apaintzailea\"}]},{\"@type\":\"WebSite\",\"@id\":\"https:\\\/\\\/lacasadelperro.es\\\/#website\",\"url\":\"https:\\\/\\\/lacasadelperro.es\\\/\",\"name\":\"La casa del perro\",\"description\":\"Residencia para animales de compa\u00f1\u00eda, servicios municipales de recogida, custodia y manutenci\u00f3n de animales.\",\"publisher\":{\"@id\":\"https:\\\/\\\/lacasadelperro.es\\\/#organization\"},\"potentialAction\":[{\"@type\":\"SearchAction\",\"target\":{\"@type\":\"EntryPoint\",\"urlTemplate\":\"https:\\\/\\\/lacasadelperro.es\\\/?s={search_term_string}\"},\"query-input\":{\"@type\":\"PropertyValueSpecification\",\"valueRequired\":true,\"valueName\":\"search_term_string\"}}],\"inLanguage\":\"eu-ES\"},{\"@type\":\"Organization\",\"@id\":\"https:\\\/\\\/lacasadelperro.es\\\/#organization\",\"name\":\"La casa del perro\",\"url\":\"https:\\\/\\\/lacasadelperro.es\\\/\",\"logo\":{\"@type\":\"ImageObject\",\"inLanguage\":\"eu-ES\",\"@id\":\"https:\\\/\\\/lacasadelperro.es\\\/#\\\/schema\\\/logo\\\/image\\\/\",\"url\":\"https:\\\/\\\/lacasadelperro.es\\\/wp-content\\\/uploads\\\/2023\\\/12\\\/logo-casa-perro@2x.png\",\"contentUrl\":\"https:\\\/\\\/lacasadelperro.es\\\/wp-content\\\/uploads\\\/2023\\\/12\\\/logo-casa-perro@2x.png\",\"width\":428,\"height\":156,\"caption\":\"La casa del perro\"},\"image\":{\"@id\":\"https:\\\/\\\/lacasadelperro.es\\\/#\\\/schema\\\/logo\\\/image\\\/\"}}]}<\/script>\n<!-- \/ Yoast SEO plugin. -->","yoast_head_json":{"title":"Txakur apaintzailea - La casa del perro","robots":{"index":"index","follow":"follow","max-snippet":"max-snippet:-1","max-image-preview":"max-image-preview:large","max-video-preview":"max-video-preview:-1"},"canonical":"https:\/\/lacasadelperro.es\/eu\/txakur-apaintzailea\/","og_locale":"eu_ES","og_type":"article","og_title":"Txakur apaintzailea - La casa del perro","og_description":"[vc_row full_width=&#8221;stretch_row&#8221; equal_height=&#8221;yes&#8221; content_placement=&#8221;middle&#8221; css=&#8221;.vc_custom_1702307596192{padding-top: 64px !important;padding-bottom: 64px !important;}&#8221;][vc_column width=&#8221;1\/2&#8243;][vc_column_text css=&#8221;.vc_custom_1702316689495{margin-bottom: 32px !important;}&#8221;] Txakur apaintzailea [\/vc_column_text][vc_column_text css=&#8221;.vc_custom_1702317146318{margin-top: 32px !important;}&#8221;]Txakurrak apaintzeko zerbitzua zure lau hankako maskota zaindu eta edertzeko diseinatutako esperientzia oso eta espezializatua da. Zure txakurraren erosotasuna eta osasuna bermatzeko hainbat zerbitzu biltzen dituen tratamendu integrala eskaintzen dugu: bainua, zure maskotaren estilora egokitutako ilea moztea,...","og_url":"https:\/\/lacasadelperro.es\/eu\/txakur-apaintzailea\/","og_site_name":"La casa del perro","article_modified_time":"2024-01-24T12:01:01+00:00","twitter_card":"summary_large_image","twitter_misc":{"Est. reading time":"2 minutes"},"schema":{"@context":"https:\/\/schema.org","@graph":[{"@type":"WebPage","@id":"https:\/\/lacasadelperro.es\/eu\/txakur-apaintzailea\/","url":"https:\/\/lacasadelperro.es\/eu\/txakur-apaintzailea\/","name":"Txakur apaintzailea - La casa del perro","isPartOf":{"@id":"https:\/\/lacasadelperro.es\/#website"},"datePublished":"2023-12-11T18:08:17+00:00","dateModified":"2024-01-24T12:01:01+00:00","breadcrumb":{"@id":"https:\/\/lacasadelperro.es\/eu\/txakur-apaintzailea\/#breadcrumb"},"inLanguage":"eu-ES","potentialAction":[{"@type":"ReadAction","target":["https:\/\/lacasadelperro.es\/eu\/txakur-apaintzailea\/"]}]},{"@type":"BreadcrumbList","@id":"https:\/\/lacasadelperro.es\/eu\/txakur-apaintzailea\/#breadcrumb","itemListElement":[{"@type":"ListItem","position":1,"name":"Portada","item":"https:\/\/lacasadelperro.es\/eu\/"},{"@type":"ListItem","position":2,"name":"Txakur apaintzailea"}]},{"@type":"WebSite","@id":"https:\/\/lacasadelperro.es\/#website","url":"https:\/\/lacasadelperro.es\/","name":"La casa del perro","description":"Residencia para animales de compa\u00f1\u00eda, servicios municipales de recogida, custodia y manutenci\u00f3n de animales.","publisher":{"@id":"https:\/\/lacasadelperro.es\/#organization"},"potentialAction":[{"@type":"SearchAction","target":{"@type":"EntryPoint","urlTemplate":"https:\/\/lacasadelperro.es\/?s={search_term_string}"},"query-input":{"@type":"PropertyValueSpecification","valueRequired":true,"valueName":"search_term_string"}}],"inLanguage":"eu-ES"},{"@type":"Organization","@id":"https:\/\/lacasadelperro.es\/#organization","name":"La casa del perro","url":"https:\/\/lacasadelperro.es\/","logo":{"@type":"ImageObject","inLanguage":"eu-ES","@id":"https:\/\/lacasadelperro.es\/#\/schema\/logo\/image\/","url":"https:\/\/lacasadelperro.es\/wp-content\/uploads\/2023\/12\/logo-casa-perro@2x.png","contentUrl":"https:\/\/lacasadelperro.es\/wp-content\/uploads\/2023\/12\/logo-casa-perro@2x.png","width":428,"height":156,"caption":"La casa del perro"},"image":{"@id":"https:\/\/lacasadelperro.es\/#\/schema\/logo\/image\/"}}]}},"_links":{"self":[{"href":"https:\/\/lacasadelperro.es\/eu\/wp-json\/wp\/v2\/pages\/5314","targetHints":{"allow":["GET"]}}],"collection":[{"href":"https:\/\/lacasadelperro.es\/eu\/wp-json\/wp\/v2\/pages"}],"about":[{"href":"https:\/\/lacasadelperro.es\/eu\/wp-json\/wp\/v2\/types\/page"}],"author":[{"embeddable":true,"href":"https:\/\/lacasadelperro.es\/eu\/wp-json\/wp\/v2\/users\/1"}],"replies":[{"embeddable":true,"href":"https:\/\/lacasadelperro.es\/eu\/wp-json\/wp\/v2\/comments?post=5314"}],"version-history":[{"count":0,"href":"https:\/\/lacasadelperro.es\/eu\/wp-json\/wp\/v2\/pages\/5314\/revisions"}],"wp:attachment":[{"href":"https:\/\/lacasadelperro.es\/eu\/wp-json\/wp\/v2\/media?parent=5314"}],"curies":[{"name":"wp","href":"https:\/\/api.w.org\/{rel}","templated":true}]}}