{"id":5328,"date":"2023-12-15T12:23:36","date_gmt":"2023-12-15T11:23:36","guid":{"rendered":"https:\/\/lacasadelperro.es\/txakurren-heziketa-bizkaian\/"},"modified":"2024-01-24T13:09:36","modified_gmt":"2024-01-24T12:09:36","slug":"txakurren-heziketa-bizkaian","status":"publish","type":"page","link":"https:\/\/lacasadelperro.es\/eu\/txakurren-heziketa-bizkaian\/","title":{"rendered":"Txakurren heziketa Bizkaian"},"content":{"rendered":"<div class=\"wpb-content-wrapper\"><p>[vc_row full_width=&#8221;stretch_row&#8221; equal_height=&#8221;yes&#8221; content_placement=&#8221;middle&#8221; css=&#8221;.vc_custom_1702307596192{padding-top: 64px !important;padding-bottom: 64px !important;}&#8221;][vc_column width=&#8221;1\/2&#8243;][vc_column_text css=&#8221;.vc_custom_1702639207373{margin-bottom: 32px !important;}&#8221;]<\/p>\n<h1 style=\"margin-bottom: 32px;\">Txakurren heziketa<\/h1>\n<p>[\/vc_column_text][vc_single_image image=&#8221;3186&#8243; img_size=&#8221;150&#215;75&#8243;][vc_column_text css=&#8221;.vc_custom_1702634778492{margin-top: 32px !important;}&#8221;]Ezagutu Xtrem Dogs-ekin txakurren heziketaren mundua!<\/p>\n<p>Hezitzaile adituekin eta ikuspegi positiboarekin, txakur eta jabe bakoitzarentzako programa pertsonalizatuak eskaintzen ditugu. Oinarrizko obedientziatik hasi eta trikimailu aurreratuetaraino, gure klaseak maila guztietakoak dira. Instalazio modernoetan, ingurune segurua bermatzen dugu.<\/p>\n<p>Hasi abentura zirraragarri hau![\/vc_column_text][\/vc_column][vc_column width=&#8221;1\/2&#8243;][vc_single_image image=&#8221;3322&#8243; img_size=&#8221;full&#8221;][\/vc_column][\/vc_row][vc_row css=&#8221;.vc_custom_1702639524981{margin-top: 64px !important;padding-top: 32px !important;padding-right: 32px !important;padding-bottom: 32px !important;padding-left: 32px !important;background-color: #f2f2f2 !important;}&#8221; el_id=&#8221;hastapen-kluba&#8221;][vc_column][vc_row_inner][vc_column_inner width=&#8221;2\/3&#8243;][vc_column_text]<\/p>\n<h2>Hastapen kluba<\/h2>\n<p>[\/vc_column_text][vc_column_text css=&#8221;.vc_custom_1702638426022{margin-top: 32px !important;}&#8221;]Ikasi <strong>hezkuntzaren oinarrizko arauak<\/strong> zure txakurrarekin eta beste lau hankako lagunekin.<\/p>\n<p>Egoki bizitzen ikasiko duzu, baita zure txakurrari irakasten gozatuko dituzun <strong>trikimailu eta trebetasun<\/strong> asko ere.[\/vc_column_text][vc_column_text css=&#8221;.vc_custom_1702638796876{margin-top: 24px !important;}&#8221;]<small class=\"texto-centro\">Prestakuntzak hilero ordaintzen dira hilabete bakoitzaren hasieran.<\/small>[\/vc_column_text][\/vc_column_inner][vc_column_inner width=&#8221;1\/3&#8243; css=&#8221;.vc_custom_1702637248533{padding: 24px !important;background-color: #ffffff !important;}&#8221;][vc_single_image image=&#8221;3328&#8243; img_size=&#8221;50&#215;50&#8243; alignment=&#8221;center&#8221;][vc_column_text css=&#8221;.vc_custom_1702638592577{margin-top: 8px !important;}&#8221;]<\/p>\n<h4 class=\"texto-centro\">Hastapen kluba<\/h4>\n<p>[\/vc_column_text][vc_column_text css=&#8221;.vc_custom_1702638392335{margin-top: 24px !important;}&#8221;]<\/p>\n<p class=\"texto-centro\">Larunbatero 11:00etatik 12:30era.[\/vc_column_text][vc_btn title=&#8221;Informazio gehiago&#8221; color=&#8221;warning&#8221; align=&#8221;center&#8221; el_class=&#8221;btn-cta&#8221; link=&#8221;url:https%3A%2F%2Flacasadelperro.es%2Fcontacto%2F|title:Harremanetan%20jarri|&#8221; css=&#8221;.vc_custom_1702638616730{margin-top: 24px !important;}&#8221;][\/vc_column_inner][\/vc_row_inner][\/vc_column][\/vc_row][vc_row css=&#8221;.vc_custom_1702639538569{margin-top: 64px !important;padding-top: 32px !important;padding-right: 32px !important;padding-bottom: 32px !important;padding-left: 32px !important;background-color: #f2f2f2 !important;}&#8221; el_id=&#8221;aurreratu-kluba&#8221;][vc_column][vc_row_inner][vc_column_inner width=&#8221;2\/3&#8243;][vc_column_text]<\/p>\n<h2>Kluba aurreratua<\/h2>\n<p>[\/vc_column_text][vc_column_text css=&#8221;.vc_custom_1702638692199{margin-top: 32px !important;}&#8221;]Gure klub aurreratuan, taldean lan egiten dugu txakurren <strong>gaitasun naturalak haien funtzionalitatearen arabera sustatzeko<\/strong> .<\/p>\n<p><strong>Diziplina anitzeko lan-protokolo<\/strong> bat egokitu dugu non <strong>obedientzia aurreratuarekin<\/strong> lotutako diziplinak lantzen ditugu, txakur <strong>usaina<\/strong> espezialitate ezberdinetarako erabiltzea, besteak beste.[\/vc_column_text][vc_column_text css=&#8221;.vc_custom_1702638796876{margin-top: 24px !important;}&#8221;]<small class=\"texto-centro\">Prestakuntzak hilero ordaintzen dira hilabete bakoitzaren hasieran.<\/small>[\/vc_column_text][\/vc_column_inner][vc_column_inner width=&#8221;1\/3&#8243; css=&#8221;.vc_custom_1702637248533{padding: 24px !important;background-color: #ffffff !important;}&#8221;][vc_single_image image=&#8221;3328&#8243; img_size=&#8221;50&#215;50&#8243; alignment=&#8221;center&#8221;][vc_column_text css=&#8221;.vc_custom_1702638703889{margin-top: 8px !important;}&#8221;]<\/p>\n<h4 class=\"texto-centro\">Kluba aurreratua<\/h4>\n<p>[\/vc_column_text][vc_column_text css=&#8221;.vc_custom_1702638734769{margin-top: 24px !important;}&#8221;]<\/p>\n<p class=\"texto-centro\">Ostegunero 18:00etatik 19:30era. eta larunbatetan 13:00etatik 14:30era.<\/p>\n<p>[\/vc_column_text][vc_btn title=&#8221;Informazio gehiago&#8221; color=&#8221;warning&#8221; align=&#8221;center&#8221; el_class=&#8221;btn-cta&#8221; link=&#8221;url:https%3A%2F%2Flacasadelperro.es%2Fcontacto%2F|title:Harremanetan%20jarri|&#8221; css=&#8221;.vc_custom_1702638616730{margin-top: 24px !important;}&#8221;][\/vc_column_inner][\/vc_row_inner][\/vc_column][\/vc_row][vc_row css=&#8221;.vc_custom_1702639555465{margin-top: 64px !important;padding-top: 32px !important;padding-right: 32px !important;padding-bottom: 32px !important;padding-left: 32px !important;background-color: #f2f2f2 !important;}&#8221; el_id=&#8221;Lanbide-heziketa&#8221;][vc_column][vc_row_inner][vc_column_inner width=&#8221;2\/3&#8243;][vc_column_text]<\/p>\n<h2>Lanbide Heziketako Ikastaroak<\/h2>\n<p>[\/vc_column_text][vc_column_text css=&#8221;.vc_custom_1702639332218{margin-top: 32px !important;}&#8221;]<\/p>\n<ul class=\"lista-caret\">\n<li>Txakur-hezitzaile profesionala<\/li>\n<li>Txakur-irakasle profesionala<\/li>\n<li>Ekodetekzioan espezializatutako Txakur Gida<\/li>\n<\/ul>\n<p>[\/vc_column_text][vc_column_text css=&#8221;.vc_custom_1702638796876{margin-top: 24px !important;}&#8221;]<small class=\"texto-centro\">Prestakuntzak hilero ordaintzen dira hilabete bakoitzaren hasieran.<\/small>[\/vc_column_text][\/vc_column_inner][vc_column_inner width=&#8221;1\/3&#8243; css=&#8221;.vc_custom_1702637248533{padding: 24px !important;background-color: #ffffff !important;}&#8221;][vc_single_image image=&#8221;3178&#8243; img_size=&#8221;full&#8221; alignment=&#8221;center&#8221;][vc_column_text css=&#8221;.vc_custom_1702639371258{margin-top: 8px !important;}&#8221;]<\/p>\n<h4 class=\"texto-centro\">ANACP akreditatua<\/h4>\n<p>[\/vc_column_text][vc_btn title=&#8221;Informazio gehiago&#8221; color=&#8221;warning&#8221; align=&#8221;center&#8221; el_class=&#8221;btn-cta&#8221; link=&#8221;url:https%3A%2F%2Flacasadelperro.es%2Fcontacto%2F|title:Harremanetan%20jarri|&#8221; css=&#8221;.vc_custom_1702638616730{margin-top: 24px !important;}&#8221;][\/vc_column_inner][\/vc_row_inner][\/vc_column][\/vc_row][vc_row full_width=&#8221;stretch_row&#8221; css=&#8221;.vc_custom_1702308102170{margin-top: 56px !important;margin-bottom: 32px !important;padding-top: 48px !important;padding-bottom: 48px !important;background-image: url(https:\/\/lacasadelperro.es\/wp-content\/uploads\/2023\/12\/cta-bg.jpg?id=3286) !important;background-position: center !important;background-repeat: no-repeat !important;background-size: cover !important;}&#8221;][vc_column][vc_column_text]<\/p>\n<h2 class=\"h1 texto-centro blanco\">Ikasi profesional onenekin<\/h2>\n<h3 class=\"h2 texto-centro blanco\">Zure txakurra konfiantzan eta trebetasunean hazten ikusiko duzu<\/h3>\n<p>[\/vc_column_text][vc_btn title=&#8221;Informazio gehiago&#8221; color=&#8221;warning&#8221; align=&#8221;center&#8221; el_class=&#8221;btn-cta&#8221; link=&#8221;url:https%3A%2F%2Flacasadelperro.es%2Fcontacto%2F|title:Harremanetan%20jarri|&#8221; css=&#8221;.vc_custom_1702638973398{margin-top: 48px !important;}&#8221;][\/vc_column][\/vc_row]<\/p>\n<\/div>","protected":false},"excerpt":{"rendered":"<p>[vc_row full_width=&#8221;stretch_row&#8221; equal_height=&#8221;yes&#8221; content_placement=&#8221;middle&#8221; css=&#8221;.vc_custom_1702307596192{padding-top: 64px !important;padding-bottom: 64px !important;}&#8221;][vc_column width=&#8221;1\/2&#8243;][vc_column_text css=&#8221;.vc_custom_1702639207373{margin-bottom: 32px !important;}&#8221;] Txakurren heziketa [\/vc_column_text][vc_single_image image=&#8221;3186&#8243; img_size=&#8221;150&#215;75&#8243;][vc_column_text css=&#8221;.vc_custom_1702634778492{margin-top: 32px !important;}&#8221;]Ezagutu Xtrem Dogs-ekin txakurren heziketaren mundua! Hezitzaile adituekin eta ikuspegi positiboarekin, txakur eta jabe bakoitzarentzako programa pertsonalizatuak eskaintzen ditugu. Oinarrizko obedientziatik hasi eta trikimailu aurreratuetaraino, gure klaseak maila guztietakoak dira. Instalazio modernoetan, ingurune segurua bermatzen&#8230;<\/p>\n","protected":false},"author":1,"featured_media":0,"parent":0,"menu_order":0,"comment_status":"closed","ping_status":"closed","template":"","meta":{"_acf_changed":false,"_kad_post_transparent":"","_kad_post_title":"","_kad_post_layout":"","_kad_post_sidebar_id":"","_kad_post_content_style":"","_kad_post_vertical_padding":"","_kad_post_feature":"","_kad_post_feature_position":"","_kad_post_header":false,"_kad_post_footer":false,"_kad_post_classname":"","footnotes":""},"class_list":["post-5328","page","type-page","status-publish","hentry"],"acf":[],"yoast_head":"<!-- This site is optimized with the Yoast SEO plugin v27.4 - https:\/\/yoast.com\/product\/yoast-seo-wordpress\/ -->\n<title>Txakurren heziketa Bizkaian - La casa del perro<\/title>\n<meta name=\"robots\" content=\"index, follow, max-snippet:-1, max-image-preview:large, max-video-preview:-1\" \/>\n<link rel=\"canonical\" href=\"https:\/\/lacasadelperro.es\/eu\/txakurren-heziketa-bizkaian\/\" \/>\n<meta property=\"og:locale\" content=\"eu_ES\" \/>\n<meta property=\"og:type\" content=\"article\" \/>\n<meta property=\"og:title\" content=\"Txakurren heziketa Bizkaian - La casa del perro\" \/>\n<meta property=\"og:description\" content=\"[vc_row full_width=&#8221;stretch_row&#8221; equal_height=&#8221;yes&#8221; content_placement=&#8221;middle&#8221; css=&#8221;.vc_custom_1702307596192{padding-top: 64px !important;padding-bottom: 64px !important;}&#8221;][vc_column width=&#8221;1\/2&#8243;][vc_column_text css=&#8221;.vc_custom_1702639207373{margin-bottom: 32px !important;}&#8221;] Txakurren heziketa [\/vc_column_text][vc_single_image image=&#8221;3186&#8243; img_size=&#8221;150&#215;75&#8243;][vc_column_text css=&#8221;.vc_custom_1702634778492{margin-top: 32px !important;}&#8221;]Ezagutu Xtrem Dogs-ekin txakurren heziketaren mundua! Hezitzaile adituekin eta ikuspegi positiboarekin, txakur eta jabe bakoitzarentzako programa pertsonalizatuak eskaintzen ditugu. Oinarrizko obedientziatik hasi eta trikimailu aurreratuetaraino, gure klaseak maila guztietakoak dira. Instalazio modernoetan, ingurune segurua bermatzen...\" \/>\n<meta property=\"og:url\" content=\"https:\/\/lacasadelperro.es\/eu\/txakurren-heziketa-bizkaian\/\" \/>\n<meta property=\"og:site_name\" content=\"La casa del perro\" \/>\n<meta property=\"article:modified_time\" content=\"2024-01-24T12:09:36+00:00\" \/>\n<meta name=\"twitter:card\" content=\"summary_large_image\" \/>\n<meta name=\"twitter:label1\" content=\"Est. reading time\" \/>\n\t<meta name=\"twitter:data1\" content=\"4 minutes\" \/>\n<script type=\"application\/ld+json\" class=\"yoast-schema-graph\">{\"@context\":\"https:\\\/\\\/schema.org\",\"@graph\":[{\"@type\":\"WebPage\",\"@id\":\"https:\\\/\\\/lacasadelperro.es\\\/eu\\\/txakurren-heziketa-bizkaian\\\/\",\"url\":\"https:\\\/\\\/lacasadelperro.es\\\/eu\\\/txakurren-heziketa-bizkaian\\\/\",\"name\":\"Txakurren heziketa Bizkaian - La casa del perro\",\"isPartOf\":{\"@id\":\"https:\\\/\\\/lacasadelperro.es\\\/#website\"},\"datePublished\":\"2023-12-15T11:23:36+00:00\",\"dateModified\":\"2024-01-24T12:09:36+00:00\",\"breadcrumb\":{\"@id\":\"https:\\\/\\\/lacasadelperro.es\\\/eu\\\/txakurren-heziketa-bizkaian\\\/#breadcrumb\"},\"inLanguage\":\"eu-ES\",\"potentialAction\":[{\"@type\":\"ReadAction\",\"target\":[\"https:\\\/\\\/lacasadelperro.es\\\/eu\\\/txakurren-heziketa-bizkaian\\\/\"]}]},{\"@type\":\"BreadcrumbList\",\"@id\":\"https:\\\/\\\/lacasadelperro.es\\\/eu\\\/txakurren-heziketa-bizkaian\\\/#breadcrumb\",\"itemListElement\":[{\"@type\":\"ListItem\",\"position\":1,\"name\":\"Portada\",\"item\":\"https:\\\/\\\/lacasadelperro.es\\\/eu\\\/\"},{\"@type\":\"ListItem\",\"position\":2,\"name\":\"Txakurren heziketa Bizkaian\"}]},{\"@type\":\"WebSite\",\"@id\":\"https:\\\/\\\/lacasadelperro.es\\\/#website\",\"url\":\"https:\\\/\\\/lacasadelperro.es\\\/\",\"name\":\"La casa del perro\",\"description\":\"Residencia para animales de compa\u00f1\u00eda, servicios municipales de recogida, custodia y manutenci\u00f3n de animales.\",\"publisher\":{\"@id\":\"https:\\\/\\\/lacasadelperro.es\\\/#organization\"},\"potentialAction\":[{\"@type\":\"SearchAction\",\"target\":{\"@type\":\"EntryPoint\",\"urlTemplate\":\"https:\\\/\\\/lacasadelperro.es\\\/?s={search_term_string}\"},\"query-input\":{\"@type\":\"PropertyValueSpecification\",\"valueRequired\":true,\"valueName\":\"search_term_string\"}}],\"inLanguage\":\"eu-ES\"},{\"@type\":\"Organization\",\"@id\":\"https:\\\/\\\/lacasadelperro.es\\\/#organization\",\"name\":\"La casa del perro\",\"url\":\"https:\\\/\\\/lacasadelperro.es\\\/\",\"logo\":{\"@type\":\"ImageObject\",\"inLanguage\":\"eu-ES\",\"@id\":\"https:\\\/\\\/lacasadelperro.es\\\/#\\\/schema\\\/logo\\\/image\\\/\",\"url\":\"https:\\\/\\\/lacasadelperro.es\\\/wp-content\\\/uploads\\\/2023\\\/12\\\/logo-casa-perro@2x.png\",\"contentUrl\":\"https:\\\/\\\/lacasadelperro.es\\\/wp-content\\\/uploads\\\/2023\\\/12\\\/logo-casa-perro@2x.png\",\"width\":428,\"height\":156,\"caption\":\"La casa del perro\"},\"image\":{\"@id\":\"https:\\\/\\\/lacasadelperro.es\\\/#\\\/schema\\\/logo\\\/image\\\/\"}}]}<\/script>\n<!-- \/ Yoast SEO plugin. -->","yoast_head_json":{"title":"Txakurren heziketa Bizkaian - La casa del perro","robots":{"index":"index","follow":"follow","max-snippet":"max-snippet:-1","max-image-preview":"max-image-preview:large","max-video-preview":"max-video-preview:-1"},"canonical":"https:\/\/lacasadelperro.es\/eu\/txakurren-heziketa-bizkaian\/","og_locale":"eu_ES","og_type":"article","og_title":"Txakurren heziketa Bizkaian - La casa del perro","og_description":"[vc_row full_width=&#8221;stretch_row&#8221; equal_height=&#8221;yes&#8221; content_placement=&#8221;middle&#8221; css=&#8221;.vc_custom_1702307596192{padding-top: 64px !important;padding-bottom: 64px !important;}&#8221;][vc_column width=&#8221;1\/2&#8243;][vc_column_text css=&#8221;.vc_custom_1702639207373{margin-bottom: 32px !important;}&#8221;] Txakurren heziketa [\/vc_column_text][vc_single_image image=&#8221;3186&#8243; img_size=&#8221;150&#215;75&#8243;][vc_column_text css=&#8221;.vc_custom_1702634778492{margin-top: 32px !important;}&#8221;]Ezagutu Xtrem Dogs-ekin txakurren heziketaren mundua! Hezitzaile adituekin eta ikuspegi positiboarekin, txakur eta jabe bakoitzarentzako programa pertsonalizatuak eskaintzen ditugu. Oinarrizko obedientziatik hasi eta trikimailu aurreratuetaraino, gure klaseak maila guztietakoak dira. Instalazio modernoetan, ingurune segurua bermatzen...","og_url":"https:\/\/lacasadelperro.es\/eu\/txakurren-heziketa-bizkaian\/","og_site_name":"La casa del perro","article_modified_time":"2024-01-24T12:09:36+00:00","twitter_card":"summary_large_image","twitter_misc":{"Est. reading time":"4 minutes"},"schema":{"@context":"https:\/\/schema.org","@graph":[{"@type":"WebPage","@id":"https:\/\/lacasadelperro.es\/eu\/txakurren-heziketa-bizkaian\/","url":"https:\/\/lacasadelperro.es\/eu\/txakurren-heziketa-bizkaian\/","name":"Txakurren heziketa Bizkaian - La casa del perro","isPartOf":{"@id":"https:\/\/lacasadelperro.es\/#website"},"datePublished":"2023-12-15T11:23:36+00:00","dateModified":"2024-01-24T12:09:36+00:00","breadcrumb":{"@id":"https:\/\/lacasadelperro.es\/eu\/txakurren-heziketa-bizkaian\/#breadcrumb"},"inLanguage":"eu-ES","potentialAction":[{"@type":"ReadAction","target":["https:\/\/lacasadelperro.es\/eu\/txakurren-heziketa-bizkaian\/"]}]},{"@type":"BreadcrumbList","@id":"https:\/\/lacasadelperro.es\/eu\/txakurren-heziketa-bizkaian\/#breadcrumb","itemListElement":[{"@type":"ListItem","position":1,"name":"Portada","item":"https:\/\/lacasadelperro.es\/eu\/"},{"@type":"ListItem","position":2,"name":"Txakurren heziketa Bizkaian"}]},{"@type":"WebSite","@id":"https:\/\/lacasadelperro.es\/#website","url":"https:\/\/lacasadelperro.es\/","name":"La casa del perro","description":"Residencia para animales de compa\u00f1\u00eda, servicios municipales de recogida, custodia y manutenci\u00f3n de animales.","publisher":{"@id":"https:\/\/lacasadelperro.es\/#organization"},"potentialAction":[{"@type":"SearchAction","target":{"@type":"EntryPoint","urlTemplate":"https:\/\/lacasadelperro.es\/?s={search_term_string}"},"query-input":{"@type":"PropertyValueSpecification","valueRequired":true,"valueName":"search_term_string"}}],"inLanguage":"eu-ES"},{"@type":"Organization","@id":"https:\/\/lacasadelperro.es\/#organization","name":"La casa del perro","url":"https:\/\/lacasadelperro.es\/","logo":{"@type":"ImageObject","inLanguage":"eu-ES","@id":"https:\/\/lacasadelperro.es\/#\/schema\/logo\/image\/","url":"https:\/\/lacasadelperro.es\/wp-content\/uploads\/2023\/12\/logo-casa-perro@2x.png","contentUrl":"https:\/\/lacasadelperro.es\/wp-content\/uploads\/2023\/12\/logo-casa-perro@2x.png","width":428,"height":156,"caption":"La casa del perro"},"image":{"@id":"https:\/\/lacasadelperro.es\/#\/schema\/logo\/image\/"}}]}},"_links":{"self":[{"href":"https:\/\/lacasadelperro.es\/eu\/wp-json\/wp\/v2\/pages\/5328","targetHints":{"allow":["GET"]}}],"collection":[{"href":"https:\/\/lacasadelperro.es\/eu\/wp-json\/wp\/v2\/pages"}],"about":[{"href":"https:\/\/lacasadelperro.es\/eu\/wp-json\/wp\/v2\/types\/page"}],"author":[{"embeddable":true,"href":"https:\/\/lacasadelperro.es\/eu\/wp-json\/wp\/v2\/users\/1"}],"replies":[{"embeddable":true,"href":"https:\/\/lacasadelperro.es\/eu\/wp-json\/wp\/v2\/comments?post=5328"}],"version-history":[{"count":0,"href":"https:\/\/lacasadelperro.es\/eu\/wp-json\/wp\/v2\/pages\/5328\/revisions"}],"wp:attachment":[{"href":"https:\/\/lacasadelperro.es\/eu\/wp-json\/wp\/v2\/media?parent=5328"}],"curies":[{"name":"wp","href":"https:\/\/api.w.org\/{rel}","templated":true}]}}