{"id":5348,"date":"2020-07-07T08:53:28","date_gmt":"2020-07-07T06:53:28","guid":{"rendered":"https:\/\/lacasadelperro.es\/etxea-nor-gara\/"},"modified":"2024-01-24T13:09:36","modified_gmt":"2024-01-24T12:09:36","slug":"etxea-nor-gara","status":"publish","type":"page","link":"https:\/\/lacasadelperro.es\/eu\/etxea-nor-gara\/","title":{"rendered":"Etxea &#8211; Nor gara"},"content":{"rendered":"<div class=\"wpb-content-wrapper\"><p>[vc_row css=&#8221;.vc_custom_1594104827152{padding-top: 64px !important;padding-bottom: 64px !important;}&#8221;][vc_column][vc_column_text css=&#8221;.vc_custom_1594105726956{margin-bottom: 32px !important;}&#8221;]<\/p>\n<h1 style=\"margin-bottom: 32px; text-align: center;\">Zer da The Dog House?<\/h1>\n<p>[\/vc_column_text][vc_column_text css=&#8221;.vc_custom_1594632066126{margin-top: 32px !important;}&#8221;]<a href=\"https:\/\/lacasadelperro.es\/eu\/\">Casa del Perro-n<\/a> <strong>instalazio oso eta funtzionalak<\/strong> ditugu, txakur eta katuen hotel gisa egokiak, baina adopzio arduratsua bilatzen duten animalientzat <a href=\"http:\/\/faada.org\/entidades-asociaciones-protectoras-vizcaya\">aterpe<\/a> gisa ere balio dutenak.<\/p>\n<p><strong>Txakurren heziketa zentroa<\/strong> ere bagara ; eta urte asko daramatzagu Bizkaian lanean, gure ikastaro eta tailerrekin animalien inguruan sentsibilizatzen.<\/p>\n<p>Txakur edo katu batentzat, oso aldaketa erradikala da gure zentroa, txakurtegia edo haztegia uztea etxe batera sartzeko. Dena berria da, denak ezezagunak, ez diezu beste txakurrei entzuten, etab&#8230; Hori jakinda, esan gabe doa nagusia pazientzia poltsa izatea dela.<\/p>\n<p><a href=\"https:\/\/lacasadelperro.es\/eu\/adopziorako-txakurrak\/\"><strong>Adopzio arduratsuak<\/strong><\/a> lortzeko lan egiten dugu, ez bakarrik txakurkumeentzat, baita adineko animalientzat ere, normalean ahazten diren animalia handiak eta, gure iletsu guztiek bezala, zaintzeko eta maitatzeko etxea lortzeko aukera merezi dutenak ere.<\/p>\n<p>Animalien abandonuaren aurka borrokatzeko nahian, gure <a href=\"https:\/\/lacasadelperro.es\/eu\/txakur-eta-katu-hotela\/\"><strong>txakur eta katuen hotelak<\/strong><\/a> prezio oso egokiak ditu, eta, edozein dela ere, zure maskotak eroso eta seguru hartzeko aukera ematen dute, zure ondora itzuli arte. Beti segurtasun eta osasun berme guztiekin.[\/vc_column_text][\/vc_column][\/vc_row][vc_row css=&#8221;.vc_custom_1593086613234{margin-top: 56px !important;margin-bottom: 32px !important;padding-top: 48px !important;padding-bottom: 48px !important;}&#8221;][vc_column][vc_column_text]<\/p>\n<h2 style=\"text-align: center;\">Gehiago jakin nahi baduzu<\/h2>\n<h3 style=\"text-align: center;\">Jarri gurekin harremanetan<\/h3>\n<p>[\/vc_column_text][dt_default_button link=&#8221;url:%2Fcontacto%2F|title:Contacto||&#8221; size=&#8221;big&#8221; button_alignment=&#8221;btn_center&#8221; el_class=&#8221;btn-morado&#8221;]Contactar[\/dt_default_button][\/vc_column][\/vc_row][vc_row css=&#8221;.vc_custom_1594104066763{padding-top: 0px !important;padding-bottom: 0px !important;}&#8221;][vc_column][vc_single_image image=&#8221;648&#8243; img_size=&#8221;full&#8221; alignment=&#8221;center&#8221; image_hovers=&#8221;false&#8221; css=&#8221;.vc_custom_1594105673426{margin-top: 64px !important;margin-bottom: 64px !important;}&#8221;][\/vc_column][\/vc_row]<\/p>\n<\/div>","protected":false},"excerpt":{"rendered":"<p>[vc_row css=&#8221;.vc_custom_1594104827152{padding-top: 64px !important;padding-bottom: 64px !important;}&#8221;][vc_column][vc_column_text css=&#8221;.vc_custom_1594105726956{margin-bottom: 32px !important;}&#8221;] Zer da The Dog House? [\/vc_column_text][vc_column_text css=&#8221;.vc_custom_1594632066126{margin-top: 32px !important;}&#8221;]Casa del Perro-n instalazio oso eta funtzionalak ditugu, txakur eta katuen hotel gisa egokiak, baina adopzio arduratsua bilatzen duten animalientzat aterpe gisa ere balio dutenak. Txakurren heziketa zentroa ere bagara ; eta urte asko daramatzagu Bizkaian lanean, gure&#8230;<\/p>\n","protected":false},"author":1,"featured_media":0,"parent":0,"menu_order":0,"comment_status":"closed","ping_status":"closed","template":"","meta":{"_acf_changed":false,"_kad_post_transparent":"","_kad_post_title":"","_kad_post_layout":"","_kad_post_sidebar_id":"","_kad_post_content_style":"","_kad_post_vertical_padding":"","_kad_post_feature":"","_kad_post_feature_position":"","_kad_post_header":false,"_kad_post_footer":false,"_kad_post_classname":"","footnotes":""},"class_list":["post-5348","page","type-page","status-publish","hentry"],"acf":[],"yoast_head":"<!-- This site is optimized with the Yoast SEO plugin v27.6 - https:\/\/yoast.com\/product\/yoast-seo-wordpress\/ -->\n<title>Txakur eta katuentzako hotela | Txakurren Etxea | Guri buruz?<\/title>\n<meta name=\"description\" content=\"La Casa del Perro Txakur eta Katuen Hotel bat baino gehiago da; Aterpe, prestakuntza zentro eta adopzio arduradunak ere gara. Ezagutu gaitzazu!\" \/>\n<meta name=\"robots\" content=\"index, follow, max-snippet:-1, max-image-preview:large, max-video-preview:-1\" \/>\n<link rel=\"canonical\" href=\"https:\/\/lacasadelperro.es\/eu\/etxea-nor-gara\/\" \/>\n<meta property=\"og:locale\" content=\"eu_ES\" \/>\n<meta property=\"og:type\" content=\"article\" \/>\n<meta property=\"og:title\" content=\"Txakur eta katuentzako hotela | Txakurren Etxea | Guri buruz?\" \/>\n<meta property=\"og:description\" content=\"La Casa del Perro Txakur eta Katuen Hotel bat baino gehiago da; Aterpe, prestakuntza zentro eta adopzio arduradunak ere gara. Ezagutu gaitzazu!\" \/>\n<meta property=\"og:url\" content=\"https:\/\/lacasadelperro.es\/eu\/etxea-nor-gara\/\" \/>\n<meta property=\"og:site_name\" content=\"La casa del perro\" \/>\n<meta property=\"article:modified_time\" content=\"2024-01-24T12:09:36+00:00\" \/>\n<meta name=\"twitter:card\" content=\"summary_large_image\" \/>\n<meta name=\"twitter:label1\" content=\"Est. reading time\" \/>\n\t<meta name=\"twitter:data1\" content=\"1 minute\" \/>\n<script type=\"application\/ld+json\" class=\"yoast-schema-graph\">{\"@context\":\"https:\\\/\\\/schema.org\",\"@graph\":[{\"@type\":\"WebPage\",\"@id\":\"https:\\\/\\\/lacasadelperro.es\\\/eu\\\/etxea-nor-gara\\\/\",\"url\":\"https:\\\/\\\/lacasadelperro.es\\\/eu\\\/etxea-nor-gara\\\/\",\"name\":\"Txakur eta katuentzako hotela | Txakurren Etxea | Guri buruz?\",\"isPartOf\":{\"@id\":\"https:\\\/\\\/lacasadelperro.es\\\/#website\"},\"datePublished\":\"2020-07-07T06:53:28+00:00\",\"dateModified\":\"2024-01-24T12:09:36+00:00\",\"description\":\"La Casa del Perro Txakur eta Katuen Hotel bat baino gehiago da; Aterpe, prestakuntza zentro eta adopzio arduradunak ere gara. Ezagutu gaitzazu!\",\"breadcrumb\":{\"@id\":\"https:\\\/\\\/lacasadelperro.es\\\/eu\\\/etxea-nor-gara\\\/#breadcrumb\"},\"inLanguage\":\"eu-ES\",\"potentialAction\":[{\"@type\":\"ReadAction\",\"target\":[\"https:\\\/\\\/lacasadelperro.es\\\/eu\\\/etxea-nor-gara\\\/\"]}]},{\"@type\":\"BreadcrumbList\",\"@id\":\"https:\\\/\\\/lacasadelperro.es\\\/eu\\\/etxea-nor-gara\\\/#breadcrumb\",\"itemListElement\":[{\"@type\":\"ListItem\",\"position\":1,\"name\":\"Portada\",\"item\":\"https:\\\/\\\/lacasadelperro.es\\\/eu\\\/\"},{\"@type\":\"ListItem\",\"position\":2,\"name\":\"Etxea &#8211; Nor gara\"}]},{\"@type\":\"WebSite\",\"@id\":\"https:\\\/\\\/lacasadelperro.es\\\/#website\",\"url\":\"https:\\\/\\\/lacasadelperro.es\\\/\",\"name\":\"La casa del perro\",\"description\":\"Residencia para animales de compa\u00f1\u00eda, servicios municipales de recogida, custodia y manutenci\u00f3n de animales.\",\"publisher\":{\"@id\":\"https:\\\/\\\/lacasadelperro.es\\\/#organization\"},\"potentialAction\":[{\"@type\":\"SearchAction\",\"target\":{\"@type\":\"EntryPoint\",\"urlTemplate\":\"https:\\\/\\\/lacasadelperro.es\\\/?s={search_term_string}\"},\"query-input\":{\"@type\":\"PropertyValueSpecification\",\"valueRequired\":true,\"valueName\":\"search_term_string\"}}],\"inLanguage\":\"eu-ES\"},{\"@type\":\"Organization\",\"@id\":\"https:\\\/\\\/lacasadelperro.es\\\/#organization\",\"name\":\"La casa del perro\",\"url\":\"https:\\\/\\\/lacasadelperro.es\\\/\",\"logo\":{\"@type\":\"ImageObject\",\"inLanguage\":\"eu-ES\",\"@id\":\"https:\\\/\\\/lacasadelperro.es\\\/#\\\/schema\\\/logo\\\/image\\\/\",\"url\":\"https:\\\/\\\/lacasadelperro.es\\\/wp-content\\\/uploads\\\/2023\\\/12\\\/logo-casa-perro@2x.png\",\"contentUrl\":\"https:\\\/\\\/lacasadelperro.es\\\/wp-content\\\/uploads\\\/2023\\\/12\\\/logo-casa-perro@2x.png\",\"width\":428,\"height\":156,\"caption\":\"La casa del perro\"},\"image\":{\"@id\":\"https:\\\/\\\/lacasadelperro.es\\\/#\\\/schema\\\/logo\\\/image\\\/\"}}]}<\/script>\n<!-- \/ Yoast SEO plugin. -->","yoast_head_json":{"title":"Txakur eta katuentzako hotela | Txakurren Etxea | Guri buruz?","description":"La Casa del Perro Txakur eta Katuen Hotel bat baino gehiago da; Aterpe, prestakuntza zentro eta adopzio arduradunak ere gara. Ezagutu gaitzazu!","robots":{"index":"index","follow":"follow","max-snippet":"max-snippet:-1","max-image-preview":"max-image-preview:large","max-video-preview":"max-video-preview:-1"},"canonical":"https:\/\/lacasadelperro.es\/eu\/etxea-nor-gara\/","og_locale":"eu_ES","og_type":"article","og_title":"Txakur eta katuentzako hotela | Txakurren Etxea | Guri buruz?","og_description":"La Casa del Perro Txakur eta Katuen Hotel bat baino gehiago da; Aterpe, prestakuntza zentro eta adopzio arduradunak ere gara. Ezagutu gaitzazu!","og_url":"https:\/\/lacasadelperro.es\/eu\/etxea-nor-gara\/","og_site_name":"La casa del perro","article_modified_time":"2024-01-24T12:09:36+00:00","twitter_card":"summary_large_image","twitter_misc":{"Est. reading time":"1 minute"},"schema":{"@context":"https:\/\/schema.org","@graph":[{"@type":"WebPage","@id":"https:\/\/lacasadelperro.es\/eu\/etxea-nor-gara\/","url":"https:\/\/lacasadelperro.es\/eu\/etxea-nor-gara\/","name":"Txakur eta katuentzako hotela | Txakurren Etxea | Guri buruz?","isPartOf":{"@id":"https:\/\/lacasadelperro.es\/#website"},"datePublished":"2020-07-07T06:53:28+00:00","dateModified":"2024-01-24T12:09:36+00:00","description":"La Casa del Perro Txakur eta Katuen Hotel bat baino gehiago da; Aterpe, prestakuntza zentro eta adopzio arduradunak ere gara. Ezagutu gaitzazu!","breadcrumb":{"@id":"https:\/\/lacasadelperro.es\/eu\/etxea-nor-gara\/#breadcrumb"},"inLanguage":"eu-ES","potentialAction":[{"@type":"ReadAction","target":["https:\/\/lacasadelperro.es\/eu\/etxea-nor-gara\/"]}]},{"@type":"BreadcrumbList","@id":"https:\/\/lacasadelperro.es\/eu\/etxea-nor-gara\/#breadcrumb","itemListElement":[{"@type":"ListItem","position":1,"name":"Portada","item":"https:\/\/lacasadelperro.es\/eu\/"},{"@type":"ListItem","position":2,"name":"Etxea &#8211; Nor gara"}]},{"@type":"WebSite","@id":"https:\/\/lacasadelperro.es\/#website","url":"https:\/\/lacasadelperro.es\/","name":"La casa del perro","description":"Residencia para animales de compa\u00f1\u00eda, servicios municipales de recogida, custodia y manutenci\u00f3n de animales.","publisher":{"@id":"https:\/\/lacasadelperro.es\/#organization"},"potentialAction":[{"@type":"SearchAction","target":{"@type":"EntryPoint","urlTemplate":"https:\/\/lacasadelperro.es\/?s={search_term_string}"},"query-input":{"@type":"PropertyValueSpecification","valueRequired":true,"valueName":"search_term_string"}}],"inLanguage":"eu-ES"},{"@type":"Organization","@id":"https:\/\/lacasadelperro.es\/#organization","name":"La casa del perro","url":"https:\/\/lacasadelperro.es\/","logo":{"@type":"ImageObject","inLanguage":"eu-ES","@id":"https:\/\/lacasadelperro.es\/#\/schema\/logo\/image\/","url":"https:\/\/lacasadelperro.es\/wp-content\/uploads\/2023\/12\/logo-casa-perro@2x.png","contentUrl":"https:\/\/lacasadelperro.es\/wp-content\/uploads\/2023\/12\/logo-casa-perro@2x.png","width":428,"height":156,"caption":"La casa del perro"},"image":{"@id":"https:\/\/lacasadelperro.es\/#\/schema\/logo\/image\/"}}]}},"_links":{"self":[{"href":"https:\/\/lacasadelperro.es\/eu\/wp-json\/wp\/v2\/pages\/5348","targetHints":{"allow":["GET"]}}],"collection":[{"href":"https:\/\/lacasadelperro.es\/eu\/wp-json\/wp\/v2\/pages"}],"about":[{"href":"https:\/\/lacasadelperro.es\/eu\/wp-json\/wp\/v2\/types\/page"}],"author":[{"embeddable":true,"href":"https:\/\/lacasadelperro.es\/eu\/wp-json\/wp\/v2\/users\/1"}],"replies":[{"embeddable":true,"href":"https:\/\/lacasadelperro.es\/eu\/wp-json\/wp\/v2\/comments?post=5348"}],"version-history":[{"count":0,"href":"https:\/\/lacasadelperro.es\/eu\/wp-json\/wp\/v2\/pages\/5348\/revisions"}],"wp:attachment":[{"href":"https:\/\/lacasadelperro.es\/eu\/wp-json\/wp\/v2\/media?parent=5348"}],"curies":[{"name":"wp","href":"https:\/\/api.w.org\/{rel}","templated":true}]}}